{"id":7653,"date":"2021-03-08T18:42:45","date_gmt":"2021-03-08T21:42:45","guid":{"rendered":"https:\/\/ens9004-infd.mendoza.edu.ar\/sitio\/?page_id=7653"},"modified":"2021-08-26T21:40:08","modified_gmt":"2021-08-27T00:40:08","slug":"comision-de-genero","status":"publish","type":"page","link":"https:\/\/ens9004-infd.mendoza.edu.ar\/sitio\/comision-de-genero\/","title":{"rendered":"COMISI\u00d3N DE G\u00c9NERO"},"content":{"rendered":"<h1>AGENDA Y NOVEDADES<\/h1>\n<p>&nbsp;<\/p>\n<h2 style=\"text-align: center;\">NI UNA MENOS<\/h2>\n<p>Desde el 2015 todos los tres de junio se escucha el grito de \u00abNi une menos\u00bb. Seis a\u00f1os consecutivos que son el eco de d\u00e9cadas de luchar por hacer visible que no exageramos cuando hablamos de violencia, que nos matan, maltratan y ningunean.<br \/>\nMuestra de la violencia que impone el heterocispatriarcado son las cifras que arroja La Casa del Encuentro para el primer cuatrimestre de este a\u00f1o seg\u00fan las cuales hubo 70 femicidios de mujeres y ni\u00f1as, 2 transfemicidios y 6 femicidios vinculados de varones adultos y ni\u00f1os. Las personas que nos faltan no pueden ser un n\u00famero y es por eso que nos abrazamos, acompa\u00f1amos y aunque por esta vez no en las calles las recordamos y seguimos luchando.<br \/>\nLa educaci\u00f3n es una de las \u00e1reas en las que el sistema se construye y por eso nos debemos repensar como instituci\u00f3n en este sentido y hoy estamos presentes en esta lucha.<br \/>\nSeguimos de pie!<br \/>\nTejiendo redes de acompa\u00f1amientos, de cuidados y de hacer visible las violencias cotidianas.<\/p>\n<p>Compartimos este material colaborativo de Sasa ciruela, ESI en primera infancia, ESI en secundaria y El cuaderno rojo que es el reflejo de que no estamos soles, de que las redes construyen.<\/p>\n<p>&nbsp;<\/p>\n<p>https:\/\/drive.google.com\/file\/d\/1E3Ynt0D0kxXjO-h3ooTcfq_Xe05L5lcQ\/view<\/p>\n<h3><\/h3>\n<h3><\/h3>\n<h3><\/h3>\n<hr \/>\n<h3 style=\"text-align: center;\">17 de mayo: D\u00eda internacional de la lucha contra la discriminaci\u00f3n por orientaci\u00f3n sexual e identidad de<br \/>\ng\u00e9nero<\/h3>\n<p>Desde la Comisi\u00f3n de G\u00e9nero del IES T-004 queremos visibilizar esta efem\u00e9ride, que conmemora la eliminaci\u00f3n de la homosexualidad de la lista de enfermedades mentales realizada por la OMS en 1990, lo que constitu\u00eda una patologizaci\u00f3n de la diversidad sexual que contribu\u00eda a consolidar situaciones de violencia y discriminaci\u00f3n.<br \/>\nEsto se logr\u00f3 gracias a la lucha sostenida durante d\u00e9cadas por el movimiento por los derechos LGBTIQ+ alrededor de todo el mundo. En nuestro pa\u00eds, este colectivo logr\u00f3 conquistar grandes avances en sus derechos formales como la sanci\u00f3n de la Ley 26.618\/10 de Matrimonio Igualitario o la Ley 26.743\/12 de Identidad de G\u00e9nero.<br \/>\nSin embargo, a\u00fan persisten formas arraigadas y sist\u00e9micas de odio, cuya expresi\u00f3n m\u00e1s radical son los travesticidios y transfemicidios, como los que sufrieron Melody Barrera y Josefina Cruce\u00f1o en el \u00faltimo a\u00f1o en Mendoza. Tambi\u00e9n el transodio ocasiona la segregaci\u00f3n del colectivo travesti-trans, que los lleva a la imposibilidad de acceder a derechos b\u00e1sicos como el trabajo, la salud y la educaci\u00f3n, por lo que su esperanza de vida es de tan solo 35 a\u00f1os. Hoy en Argentina una persona trans, Tehuel de la Torre, est\u00e1 desaparecida desde hace m\u00e1s de dos meses luego de asistir a una entrevista laboral, lo que evidencia la situaci\u00f3n de riesgo de esta poblaci\u00f3n y la necesidad urgente de implementar de forma efectiva el cupo laboral travesti trans.<br \/>\nOtras situaciones que reflejan el lesboodio imperante son la persecuci\u00f3n policial y judicial a Marian G\u00f3mez por besarse con su compa\u00f1era en p\u00fablico o la condena injusta a Higui por defenderse de una violaci\u00f3n. Hablamos de odio y no de fobias porque la discriminaci\u00f3n a las personas por su orientaci\u00f3n sexual o identidad de g\u00e9nero no se trata de un trastorno psicol\u00f3gico sino de un acto violento e ilegal.<br \/>\nLa Educaci\u00f3n Sexual Integral es una herramienta fundamental para terminar con esta discriminaci\u00f3n. Algunos saberes en torno a la diversidad sexual que se pueden abordar en los distintos niveles son:<\/p>\n<p style=\"padding-left: 60px;\">&#8211; Nivel Inicial:<br \/>\no La Identificaci\u00f3n y valoraci\u00f3n de las diferencias f\u00edsicas de las personas como aspectos inherentes del ser humano que lo hacen \u00fanico e irrepetible, permiti\u00e9ndoles comprender la importancia de la diversidad.<br \/>\no El desarrollo de la confianza, la libertad y la seguridad en los ni\u00f1os y ni\u00f1as para poder expresar sus ideas y opiniones y formular preguntas que puedan inquietarlo.<br \/>\no El reconocimiento y expresi\u00f3n de los sentimientos, emociones, afectos y necesidades propios y el reconocimiento y respeto por los sentimientos, emociones y necesidades de los\/as otros\/as.<br \/>\no La valorizaci\u00f3n y respeto de las propias opiniones y las de todas las personas por igual, sin distinciones de g\u00e9nero, cultura, creencias y origen social.<br \/>\no El conocimiento de las distintas formas de organizaci\u00f3n familiar y sus din\u00e1micas y la valoraci\u00f3n y el respeto de los modos de vida diferentes a los propios.<br \/>\n&#8211; Nivel Primario:<br \/>\no El reconocimiento del cuerpo humano como totalidad con necesidades de afecto, cuidado y valoraci\u00f3n.<br \/>\no El reconocimiento y el respeto de las emociones y sentimientos vinculados a la sexualidad y sus cambios.<br \/>\no El abordaje de la sexualidad a partir de la afectividad, vinculada a diferentes sistemas de valores y creencias, analizando la interrelaci\u00f3n entre sus aspectos biol\u00f3gicos, sociales, psicol\u00f3gicos, afectivos.<br \/>\no El conocimiento de las distintas formas de organizaci\u00f3n familiar y sus din\u00e1micas en diversas \u00e9pocas y culturas y la valoraci\u00f3n y el respeto de los modos de vida diferentes a los propios.<br \/>\no El an\u00e1lisis del uso del lenguaje en sus diversas formas que permitan la detecci\u00f3n de prejuicios, sentimientos discriminatorios y desvalorizantes en relaci\u00f3n a los otros\/as.<br \/>\no La reflexi\u00f3n acerca de los modelos corporales presentes en los medios de comunicaci\u00f3n.<br \/>\no La valoraci\u00f3n de las personas independientemente de su apariencia, identidad yorientaci\u00f3n sexual.<br \/>\n&#8211; Nivel Secundario:<br \/>\no La reflexi\u00f3n y valoraci\u00f3n del cuerpo como expresi\u00f3n de la subjetividad<br \/>\no La identificaci\u00f3n de la sexualidad como elemento constitutivo de la identidad,<br \/>\no La identificaci\u00f3n de prejuicios y sus componentes valorativos, cognitivos y emocionales relativos a la sexualidad<br \/>\no La reflexi\u00f3n cr\u00edtica en torno a los mensajes de los medios de comunicaci\u00f3n social referidos a la sexualidad.<br \/>\no La valoraci\u00f3n del derecho de las personas a vivir su sexualidad de acuerdo a sus convicciones y preferencias en el marco del respeto por los derechos de los\/as otros\/as.<br \/>\no El conocimiento de los derechos de las diversidades sexuales y de la responsabilidad del Estado frente a situaciones de discriminaci\u00f3n y violaci\u00f3n de derechos.<br \/>\n&#8211; Nivel Superior:<br \/>\no Identificar las diversas interpretaciones hist\u00f3ricas sobre la sexualidad y sus correlatos en las pr\u00e1cticas pedag\u00f3gicas para promover la permanente reflexi\u00f3n sobre las propias interpretaciones y concepciones de la sexualidad.<br \/>\no Ofrecer a los docentes una formaci\u00f3n amplia que les permita brindar conocimientos e informaci\u00f3n y promover situaciones de aprendizaje desde un espacio curricular espec\u00edfico o desde la disciplina de su especialidad. Incluir en dicha formaci\u00f3n la posibilidad de trabajar sus incertidumbres y prejuicios o estereotipos, para poder as\u00ed separar su responsabilidad en cuanto a la educaci\u00f3n sexual del terreno de las opiniones y experiencias personales<\/p>\n<p>Compartimos algunos recursos did\u00e1cticos para el abordaje de estos saberes en torno a la diversidad sexual en nuestros espacios:<br \/>\n&#8211; WEB CON PUBLICACIONES OFICIALES:<br \/>\nhttps:\/\/www.argentina.gob.ar\/derechoshumanos\/promocion\/publicacionesdiversidad<br \/>\n&#8211; LECTURAS: Yo nena, yo princesa. Interruqciones.<br \/>\n&#8211; PEL\u00cdCULAS: La chica danesa, XXY, Call me by your name<\/p>\n<h4>\u00a0 \u00a0 \u00a0 \u00a0 \u00a0 \u00a0 \u00a0 \u00a0 \u00a0 \u00a0 \u00a0 \u00a0 \u00a0 \u00a0 \u00a0 \u00a0 \u00a0 \u00a0 \u00a0 \u00a0 \u00a0 \u00a0 \u00a0 \u00a0 \u00a0 \u00a0 \u00a0 \u00a0 \u00a0 \u00a0 \u00a0 \u00a0 \u00a0 \u00a0 \u00a0 \u00a0 \u00a0 \u00a0 \u00a0 \u00a0 \u00a0 \u00a0 \u00a0 \u00a0 \u00a0Comisi\u00f3n de G\u00e9nero \u2013 IES T-004<\/h4>\n<h1><\/h1>\n<h1><img decoding=\"async\" loading=\"lazy\" class=\"wp-image-7664 aligncenter\" src=\"https:\/\/ens9004-infd.mendoza.edu.ar\/sitio\/wp-content\/uploads\/2021\/03\/WhatsApp-Image-2021-03-08-at-14.28.21-563x1000.jpeg\" alt=\"\" width=\"395\" height=\"701\" srcset=\"https:\/\/ens9004-infd.mendoza.edu.ar\/sitio\/wp-content\/uploads\/2021\/03\/WhatsApp-Image-2021-03-08-at-14.28.21-563x1000.jpeg 563w, https:\/\/ens9004-infd.mendoza.edu.ar\/sitio\/wp-content\/uploads\/2021\/03\/WhatsApp-Image-2021-03-08-at-14.28.21.jpeg 720w\" sizes=\"(max-width: 395px) 100vw, 395px\" \/><\/h1>\n<p><strong>En el marco de la semana del #8M: D\u00eda Internacional de la Mujer Trabajadora, desde la Comisi\u00f3n de G\u00e9nero del IES T-004 invitamos a trabajadorxs de la educaci\u00f3n, estudiantes y graduadxs a participar del Primer Encuentro para la conformaci\u00f3n de la Consejer\u00eda de G\u00e9nero de nuestra instituci\u00f3n.<\/strong><\/p>\n<p>Pretendemos construir un espacio para acompa\u00f1ar a personas de la comunidad educativa que est\u00e9n atravesando situaciones de violencia machista.<\/p>\n<p>No es necesaria formaci\u00f3n previa, s\u00f3lo empat\u00eda y ganas de co-formarnos con perspectiva de g\u00e9nero.<\/p>\n<p>El encuentro se realizar\u00e1 el <strong>Lunes 15\/03, a las 20hs por Google Meet.<\/strong><\/p>\n<p><a href=\"https:\/\/docs.google.com\/forms\/d\/e\/1FAIpQLSdcy3RV85_Z5G0dT4sLvxJL2v1ILtEI2CH4a9Hd82yHCerOCw\/viewform?usp=sf_link\" target=\"_blank\" rel=\"noopener\">INSCRIPCIONES AQU\u00cd!!<\/a><\/p>\n<p><a href=\"https:\/\/meet.google.com\/ika-zkzm-icf\" target=\"_blank\" rel=\"noopener\">LINK\u00a0 PARA INGRESAR A LA REUNI\u00d3N<\/a><\/p>\n<h1>MATERIAL DE CONSULTA, TEXTOS Y ART\u00cdCULOS<\/h1>\n<h1>Normativa:\u00a0\u00a0<a href=\"https:\/\/drive.google.com\/drive\/folders\/1CzAQj4JhlX51jD7FQx0ytYzTBlDbTPH9?usp=sharing\" target=\"_blank\" rel=\"noopener\"><img decoding=\"async\" loading=\"lazy\" class=\"wp-image-7577 alignnone\" src=\"https:\/\/ens9004-infd.mendoza.edu.ar\/sitio\/wp-content\/uploads\/2020\/11\/boton-clic-aqui2-1000x302.png\" alt=\"\" width=\"208\" height=\"63\" srcset=\"https:\/\/ens9004-infd.mendoza.edu.ar\/sitio\/wp-content\/uploads\/2020\/11\/boton-clic-aqui2-1000x302.png 1000w, https:\/\/ens9004-infd.mendoza.edu.ar\/sitio\/wp-content\/uploads\/2020\/11\/boton-clic-aqui2-768x232.png 768w, https:\/\/ens9004-infd.mendoza.edu.ar\/sitio\/wp-content\/uploads\/2020\/11\/boton-clic-aqui2.png 1306w\" sizes=\"(max-width: 208px) 100vw, 208px\" \/><\/a><\/h1>\n<h1>Bibliograf\u00eda:<a href=\"https:\/\/drive.google.com\/drive\/folders\/1BErezeclX28qM-KpYB-FfuLUWCTYssdo?usp=sharing\" target=\"_blank\" rel=\"noopener\"><img decoding=\"async\" loading=\"lazy\" class=\"wp-image-7577 alignnone\" style=\"font-size: 16px;\" src=\"https:\/\/ens9004-infd.mendoza.edu.ar\/sitio\/wp-content\/uploads\/2020\/11\/boton-clic-aqui2-1000x302.png\" alt=\"\" width=\"208\" height=\"63\" srcset=\"https:\/\/ens9004-infd.mendoza.edu.ar\/sitio\/wp-content\/uploads\/2020\/11\/boton-clic-aqui2-1000x302.png 1000w, https:\/\/ens9004-infd.mendoza.edu.ar\/sitio\/wp-content\/uploads\/2020\/11\/boton-clic-aqui2-768x232.png 768w, https:\/\/ens9004-infd.mendoza.edu.ar\/sitio\/wp-content\/uploads\/2020\/11\/boton-clic-aqui2.png 1306w\" sizes=\"(max-width: 208px) 100vw, 208px\" \/><\/a><\/h1>\n<h1>CONTACTO<\/h1>\n<p>&nbsp;<\/p>\n<h2><span style=\"color: #000000;\">comisiondegenerot004@gmail.com<\/span><\/h2>\n<p>Escribir un correo a esa direcci\u00f3n indicando un n\u00famero telef\u00f3nico al que desea ser localizadx y un nombre o manera que quiera ser llamadx.<\/p>\n<p>&nbsp;<\/p>\n<p>&nbsp;<\/p>\n<h2 style=\"text-align: center;\"><span style=\"color: #ffffff;\">Ante una situaci\u00f3n de emergencia <\/span><\/h2>\n<h2 style=\"text-align: center;\"><span style=\"color: #ffffff;\">debe comunicarse con el 144.<\/span><\/h2>\n","protected":false},"excerpt":{"rendered":"<p>AGENDA Y NOVEDADES &nbsp; NI UNA MENOS Desde el 2015 todos los tres de junio se escucha el grito de \u00abNi une menos\u00bb. Seis a\u00f1os consecutivos que son el eco de d\u00e9cadas de luchar por hacer visible que no exageramos cuando hablamos de violencia, que nos matan, maltratan y ningunean. Muestra de la violencia que &#8230; <a title=\"COMISI\u00d3N DE G\u00c9NERO\" class=\"read-more\" href=\"https:\/\/ens9004-infd.mendoza.edu.ar\/sitio\/comision-de-genero\/\" aria-label=\"More on COMISI\u00d3N DE G\u00c9NERO\">[+]<\/a><\/p>\n","protected":false},"author":1391,"featured_media":0,"parent":0,"menu_order":0,"comment_status":"closed","ping_status":"closed","template":"","meta":[],"acf":[],"_links":{"self":[{"href":"https:\/\/ens9004-infd.mendoza.edu.ar\/sitio\/wp-json\/wp\/v2\/pages\/7653"}],"collection":[{"href":"https:\/\/ens9004-infd.mendoza.edu.ar\/sitio\/wp-json\/wp\/v2\/pages"}],"about":[{"href":"https:\/\/ens9004-infd.mendoza.edu.ar\/sitio\/wp-json\/wp\/v2\/types\/page"}],"author":[{"embeddable":true,"href":"https:\/\/ens9004-infd.mendoza.edu.ar\/sitio\/wp-json\/wp\/v2\/users\/1391"}],"replies":[{"embeddable":true,"href":"https:\/\/ens9004-infd.mendoza.edu.ar\/sitio\/wp-json\/wp\/v2\/comments?post=7653"}],"version-history":[{"count":17,"href":"https:\/\/ens9004-infd.mendoza.edu.ar\/sitio\/wp-json\/wp\/v2\/pages\/7653\/revisions"}],"predecessor-version":[{"id":8081,"href":"https:\/\/ens9004-infd.mendoza.edu.ar\/sitio\/wp-json\/wp\/v2\/pages\/7653\/revisions\/8081"}],"wp:attachment":[{"href":"https:\/\/ens9004-infd.mendoza.edu.ar\/sitio\/wp-json\/wp\/v2\/media?parent=7653"}],"curies":[{"name":"wp","href":"https:\/\/api.w.org\/{rel}","templated":true}]}}