{"id":2710,"date":"2018-07-02T21:51:18","date_gmt":"2018-07-03T00:51:18","guid":{"rendered":"https:\/\/ens9004-mza.infd.edu.ar\/sitio\/jornadas-regionales-4ies-2016\/"},"modified":"2018-07-20T09:14:03","modified_gmt":"2018-07-20T12:14:03","slug":"jornadas-regionales-4ies-2016","status":"publish","type":"page","link":"https:\/\/ens9004-infd.mendoza.edu.ar\/sitio\/jornadas-regionales-4ies-2016\/","title":{"rendered":"Jornadas Regionales 4IES- 2016"},"content":{"rendered":"<p style=\"text-align: center;\"><span style=\"color: #333300;\"><strong>VII JORNADAS DE INVESTIGACI\u00d3N Y EXTENSI\u00d3N DE LOS 4 IES DEL VALLE DE UCO<\/strong><\/span><\/p>\n<p style=\"text-align: left;\">Los Institutos de Educaci\u00f3n Superior del Valle de Uco: IES 9-009 Tupungato, IES T-004 General Toribio de Luzuriaga, IES 9-010 Rosario Vera de Pe\u00f1aloza, IES 9-015 Valle de Uco comunican que se realizar\u00e1n las\u00a0 VII Jornadas de Investigaci\u00f3n y Extensi\u00f3n de los 4IES: un s\u00edmbolo de innovaci\u00f3n y compromiso con nuestro territorio el d\u00eda viernes 16 de septiembre de 2016, desde las 8.30 hs a las 20hs.<\/p>\n<p style=\"text-align: center;\"><img decoding=\"async\" loading=\"lazy\" class=\"alignnone \" src=\"https:\/\/ens9004-infd.mendoza.edu.ar\/sitio\/wp-admin\/upload\/logo.gif\" width=\"765\" height=\"158\" \/><\/p>\n<p>Este evento de divulgaci\u00f3n de saberes presenta una continuidad en el tiempo, ya que se origin\u00f3 en el 2010 a partir de la organizaci\u00f3n conjunta de los 4 Institutos de Educaci\u00f3n Superior del Valle de Uco, teniendo por sede a\u00f1o tras a\u00f1o a un Instituto distinto. Desde los inicios de esta propuesta, se plante\u00f3 la importancia de la intervenci\u00f3n de los Institutos en el territorio, a trav\u00e9s de sus \u00e1reas de Investigaci\u00f3n y Extensi\u00f3n, dando cuenta de la relevancia de que las mismas, trabajen sobre problem\u00e1ticas y demandas concretas y comunes a los tres departamentos del Valle de Uco. Es por ello que estos encuentros son pensados como una oportunidad para la articulaci\u00f3n entre los Institutos de la regi\u00f3n y de \u00e9stos con otras entidades de la comunidad, para forjar nuevas perspectivas de integraci\u00f3n entre educaci\u00f3n y sistema socio-productivo.<\/p>\n<p>En esta oportunidad, los ejes propuestos que guiar\u00e1n la jornada son: Conocimiento sobre el medio socioproductivo, Pr\u00e1cticas educativas e inserci\u00f3n laboral, Contextos socioculturales y su relaci\u00f3n con las instituciones educativas. En cada eje se realizar\u00e1n mesas tem\u00e1ticas compartidas por los equipos de investigaci\u00f3n de los distintos IES. La propuesta se <u>completar\u00e1<\/u> con talleres desde el desarrollo profesional y desde la extensi\u00f3n a la comunidad.<\/p>\n<p>Podr\u00e1n realizarse consultas en:<br \/>\nFacebook: <a href=\"https:\/\/www.facebook.com\/CUATROIES\/?ref=aymt_homepage_panel\">https:\/\/www.facebook.com\/CUATROIES\/?ref=aymt_homepage_panel<\/a>\u00a0Email: <a href=\"mailto:ies9010@yahoo.com.ar\">ies9010@yahoo.com.ar<\/a><\/p>\n<p><a href=\"upload\/Circular_N1.pdf\"> Descargar resoluci\u00f3n<\/a><\/p>\n<p>&nbsp;<\/p>\n<p>&nbsp;<\/p>\n","protected":false},"excerpt":{"rendered":"<p>VII JORNADAS DE INVESTIGACI\u00d3N Y EXTENSI\u00d3N DE LOS 4 IES DEL VALLE DE UCO Los Institutos de Educaci\u00f3n Superior del Valle de Uco: IES 9-009 Tupungato, IES T-004 General Toribio de Luzuriaga, IES 9-010 Rosario Vera de Pe\u00f1aloza, IES 9-015 Valle de Uco comunican que se realizar\u00e1n las\u00a0 VII Jornadas de Investigaci\u00f3n y Extensi\u00f3n de &#8230; <a title=\"Jornadas Regionales 4IES- 2016\" class=\"read-more\" href=\"https:\/\/ens9004-infd.mendoza.edu.ar\/sitio\/jornadas-regionales-4ies-2016\/\" aria-label=\"More on Jornadas Regionales 4IES- 2016\">[+]<\/a><\/p>\n","protected":false},"author":1578,"featured_media":0,"parent":0,"menu_order":0,"comment_status":"closed","ping_status":"closed","template":"","meta":[],"acf":[],"_links":{"self":[{"href":"https:\/\/ens9004-infd.mendoza.edu.ar\/sitio\/wp-json\/wp\/v2\/pages\/2710"}],"collection":[{"href":"https:\/\/ens9004-infd.mendoza.edu.ar\/sitio\/wp-json\/wp\/v2\/pages"}],"about":[{"href":"https:\/\/ens9004-infd.mendoza.edu.ar\/sitio\/wp-json\/wp\/v2\/types\/page"}],"author":[{"embeddable":true,"href":"https:\/\/ens9004-infd.mendoza.edu.ar\/sitio\/wp-json\/wp\/v2\/users\/1578"}],"replies":[{"embeddable":true,"href":"https:\/\/ens9004-infd.mendoza.edu.ar\/sitio\/wp-json\/wp\/v2\/comments?post=2710"}],"version-history":[{"count":3,"href":"https:\/\/ens9004-infd.mendoza.edu.ar\/sitio\/wp-json\/wp\/v2\/pages\/2710\/revisions"}],"predecessor-version":[{"id":5026,"href":"https:\/\/ens9004-infd.mendoza.edu.ar\/sitio\/wp-json\/wp\/v2\/pages\/2710\/revisions\/5026"}],"wp:attachment":[{"href":"https:\/\/ens9004-infd.mendoza.edu.ar\/sitio\/wp-json\/wp\/v2\/media?parent=2710"}],"curies":[{"name":"wp","href":"https:\/\/api.w.org\/{rel}","templated":true}]}}