{"id":2708,"date":"2018-07-02T21:51:17","date_gmt":"2018-07-03T00:51:17","guid":{"rendered":"https:\/\/ens9004-mza.infd.edu.ar\/sitio\/jornadas-regionales-4ies-2015\/"},"modified":"2018-07-20T19:06:02","modified_gmt":"2018-07-20T22:06:02","slug":"jornadas-regionales-4ies-2015","status":"publish","type":"page","link":"https:\/\/ens9004-infd.mendoza.edu.ar\/sitio\/jornadas-regionales-4ies-2015\/","title":{"rendered":"Jornadas Regionales 4IES- 2015"},"content":{"rendered":"<p class=\"MsoNormal\" style=\"text-align: justify;\"><span style=\"font-family: arial, helvetica, sans-serif; font-size: 10pt;\">El 16 de octubre del 2015 se realizaron las VI JORNADAS REGIONALES DE INVESTIGACI\u00d3N Y EXTENSI\u00d3N DE LOS 4 IES DEL VALLE DE UCO \u00a0en la Sede Central del IES 9-009 Tupungato, en Secundino G\u00f3mez y Dr. Mathons, Tupungato desde las 8:00 a las 20:00 hs.\u00a0<\/span><\/p>\n<p>\u00a0<img decoding=\"async\" loading=\"lazy\" style=\"border: 0px; display: block; margin-left: auto; margin-right: auto;\" src=\"https:\/\/lh3.googleusercontent.com\/-4Sl7kW45b2k\/VizXBs52X7I\/AAAAAAAADBY\/zzfamBpO1oI\/s720-Ic42\/4_IES%252520%2525282%252529.gif\" width=\"550\" height=\"200\" border=\"0\" \/><\/p>\n<p class=\"MsoNormal\" style=\"text-align: justify;\"><span style=\"font-family: arial, helvetica, sans-serif; font-size: 10pt; color: #000000;\">De la instituci\u00f3n asistieron un grupo significativo de alumnos y docentes: \u00a0\u00a0directivos de la instituci\u00f3n,\u00a0 docentes, coordinadores de carrera,\u00a0 estudiantes,\u00a0 coordinadores\u00a0 de las \u00e1reas de Formaci\u00f3n Inicial, Investigaci\u00f3n, Extensi\u00f3n y Desarrollo Profesional.\u00a0 La jornada\u00a0 estuvo centrada en mirar\u00a0\u00a0 las pr\u00e1cticas docentes y t\u00e9cnicas desde un enfoque interdisciplinario y en la vinculaci\u00f3n entre los Institutos del Valle de Uco.\u00a0 <\/span><\/p>\n<p class=\"MsoNormal\" style=\"text-align: justify;\"><span style=\"font-family: arial, helvetica, sans-serif; font-size: 10pt; color: #000000;\">Se\u00a0 reflexion\u00f3 sobre los distintos \u00e1mbitos de participaci\u00f3n estudiantil dentro de los institutos: Formaci\u00f3n Inicial, Pol\u00edticas Estudiantiles, Investigaci\u00f3n, Extensi\u00f3n y Desarrollo Profesional y se comparti\u00f3 acciones propias de cada Instituto y se consensuaron\u00a0 acciones que redunden en la mejora de las pr\u00e1cticas docentes y t\u00e9cnicas, que potencien el desarrollo educativo y socio-productivo de la regi\u00f3n. El trabajo del d\u00eda fue\u00a0 organizaci\u00f3n\u00a0 en talleres sobre diferentes temas con un monitor encargado de mediar. Presentado el tema se abr\u00eda el di\u00e1logo para compartir\u00a0 experiencias, saberes y necesidades. Desde la organizaci\u00f3n se procur\u00f3 que en cada taller contara con la presencia de un referente sobre el tema. La din\u00e1mica permiti\u00f3 darle la palabra a todos los asistentes siendo significativo escuchar las necesidades y aportes que realizaron los estudiantes.\u00a0 <\/span><\/p>\n<p class=\"MsoNormal\" style=\"text-align: justify;\"><span style=\"font-family: arial, helvetica, sans-serif; font-size: 10pt; color: #000000;\">La jornada permiti\u00f3 poner en valor el trabajo articulado y en equipo entre los 4 IES del Valle de Uco.\u00a0<\/span><\/p>\n<p><strong>Material:<\/strong><\/p>\n<p style=\"text-align: center;\"><div  class=\"lgc-column lgc-grid-parent lgc-grid-33 lgc-tablet-grid-50 lgc-mobile-grid-100 lgc-equal-heights \"><div  class=\"inside-grid-column\">\n<p style=\"text-align: center;\"><strong><a href=\"upload\/GACETILLA_4_IES.pdf\">Gacetilla<\/a><\/strong><\/p>\n<p style=\"text-align: center;\"><span style=\"font-family: arial, helvetica, sans-serif; font-size: 10pt; color: #000000;\"><iframe loading=\"lazy\" style=\"vertical-align: middle; border: 0px; display: block; margin-left: auto; margin-right: auto;\" src=\"https:\/\/ens9004-infd.mendoza.edu.ar\/aula\/archivos\/repositorio\/500\/740\/GACETILLA_4_IES.pdf\" width=\"250\" height=\"250\" frameborder=\"0\"><\/iframe><\/span><\/p>\n<p style=\"text-align: center;\"><\/p><\/div><\/div>\n<p style=\"text-align: center;\"><div  class=\"lgc-column lgc-grid-parent lgc-grid-33 lgc-tablet-grid-50 lgc-mobile-grid-100 lgc-equal-heights \"><div  class=\"inside-grid-column\">\n<p style=\"text-align: center;\"><strong><a href=\"upload\/CIRCULAR_1_4_IES.pdf\">Circular<\/a><\/strong><\/p>\n<p style=\"text-align: center;\"><span style=\"font-family: arial, helvetica, sans-serif; font-size: 10pt; color: #000000;\"><iframe loading=\"lazy\" style=\"vertical-align: middle; border: 0px; display: block; margin-left: auto; margin-right: auto;\" src=\"https:\/\/ens9004-infd.mendoza.edu.ar\/aula\/archivos\/repositorio\/500\/741\/CIRCULAR_1_4_IES.pdf\" width=\"250\" height=\"250\" frameborder=\"0\"><\/iframe><\/span><\/p>\n<p style=\"text-align: center;\"><\/p><\/div><\/div>\n<p style=\"text-align: center;\"><div  class=\"lgc-column lgc-grid-parent lgc-grid-33 lgc-tablet-grid-50 lgc-mobile-grid-100 lgc-equal-heights \"><div  class=\"inside-grid-column\">\n<p style=\"text-align: center;\"><strong><a href=\"https:\/\/ens9004-infd.mendoza.edu.ar\/sitio\/jornadas-regionales-4ies-2015\/upload\/PROGRAMA_4_IES.pdf\" target=\"_blank\" rel=\"noopener\">\u00a0Programa<\/a><\/strong><\/p>\n<p style=\"text-align: center;\"><span style=\"font-family: arial, helvetica, sans-serif; font-size: 10pt; color: #000000;\"><iframe loading=\"lazy\" style=\"vertical-align: middle; border: 0px; display: block; margin-left: auto; margin-right: auto;\" src=\"https:\/\/ens9004-infd.mendoza.edu.ar\/aula\/archivos\/repositorio\/500\/742\/PROGRAMA_4_IES.pdf\" width=\"250\" height=\"250\" frameborder=\"0\"><\/iframe><\/span><\/p>\n<p>&nbsp;<\/p>\n<p style=\"text-align: center;\"><\/p><\/div><\/div>\n<p style=\"text-align: center;\"><div  class=\"lgc-column lgc-grid-parent lgc-grid-33 lgc-tablet-grid-50 lgc-mobile-grid-100 lgc-equal-heights \"><div  class=\"inside-grid-column\">\n<p style=\"text-align: center;\"><strong><a href=\"https:\/\/lh3.googleusercontent.com\/-iXUTIkMLEbc\/VhJJAlssVVI\/AAAAAAAAC7w\/mVCQYr6WGTc\/s720-Ic42\/AFICHE_JORNADAS_4_IES%252520%2525282%252529.jpg\">Afiche de la Jornada<\/a><\/strong><\/p>\n<p style=\"text-align: center;\"><img decoding=\"async\" loading=\"lazy\" style=\"display: block; margin-left: auto; margin-right: auto;\" src=\"https:\/\/lh3.googleusercontent.com\/-iXUTIkMLEbc\/VhJJAlssVVI\/AAAAAAAAC7w\/mVCQYr6WGTc\/s720-Ic42\/AFICHE_JORNADAS_4_IES%252520%2525282%252529.jpg\" width=\"250\" height=\"180\" border=\"0\" \/><\/p>\n<p style=\"text-align: center;\"><\/p><\/div><\/div><div class=\"lgc-clear\"><\/div>\n<h4 style=\"text-align: left;\"><strong><span style=\"font-size: 10pt; font-family: georgia, palatino; color: #808000;\">Narraci\u00f3n de la experiencia:<\/span><\/strong><\/h4>\n<p><span style=\"font-size: 10pt; font-family: georgia, palatino;\"><a href=\"https:\/\/ens9004-infd.mendoza.edu.ar\/bitacora\/index.cgi?wIdPub=301\" target=\"_blank\" rel=\"noopener\"><strong>Participaci\u00f3n del \u00c1rea de Investigaci\u00f3n en las\u00a0<\/strong><strong>VI Jornada<\/strong>\u00a0<strong>de Investigaci\u00f3n y Extensi\u00f3n de los 4 IES del Valle de Uco<\/strong><\/a><\/span><\/p>\n<hr \/>\n<p>&nbsp;<\/p>\n","protected":false},"excerpt":{"rendered":"<p>El 16 de octubre del 2015 se realizaron las VI JORNADAS REGIONALES DE INVESTIGACI\u00d3N Y EXTENSI\u00d3N DE LOS 4 IES DEL VALLE DE UCO \u00a0en la Sede Central del IES 9-009 Tupungato, en Secundino G\u00f3mez y Dr. Mathons, Tupungato desde las 8:00 a las 20:00 hs.\u00a0 \u00a0 De la instituci\u00f3n asistieron un grupo significativo de &#8230; <a title=\"Jornadas Regionales 4IES- 2015\" class=\"read-more\" href=\"https:\/\/ens9004-infd.mendoza.edu.ar\/sitio\/jornadas-regionales-4ies-2015\/\" aria-label=\"More on Jornadas Regionales 4IES- 2015\">[+]<\/a><\/p>\n","protected":false},"author":1578,"featured_media":0,"parent":0,"menu_order":0,"comment_status":"closed","ping_status":"closed","template":"","meta":[],"acf":[],"_links":{"self":[{"href":"https:\/\/ens9004-infd.mendoza.edu.ar\/sitio\/wp-json\/wp\/v2\/pages\/2708"}],"collection":[{"href":"https:\/\/ens9004-infd.mendoza.edu.ar\/sitio\/wp-json\/wp\/v2\/pages"}],"about":[{"href":"https:\/\/ens9004-infd.mendoza.edu.ar\/sitio\/wp-json\/wp\/v2\/types\/page"}],"author":[{"embeddable":true,"href":"https:\/\/ens9004-infd.mendoza.edu.ar\/sitio\/wp-json\/wp\/v2\/users\/1578"}],"replies":[{"embeddable":true,"href":"https:\/\/ens9004-infd.mendoza.edu.ar\/sitio\/wp-json\/wp\/v2\/comments?post=2708"}],"version-history":[{"count":5,"href":"https:\/\/ens9004-infd.mendoza.edu.ar\/sitio\/wp-json\/wp\/v2\/pages\/2708\/revisions"}],"predecessor-version":[{"id":5050,"href":"https:\/\/ens9004-infd.mendoza.edu.ar\/sitio\/wp-json\/wp\/v2\/pages\/2708\/revisions\/5050"}],"wp:attachment":[{"href":"https:\/\/ens9004-infd.mendoza.edu.ar\/sitio\/wp-json\/wp\/v2\/media?parent=2708"}],"curies":[{"name":"wp","href":"https:\/\/api.w.org\/{rel}","templated":true}]}}