{"id":2706,"date":"2018-07-02T21:51:17","date_gmt":"2018-07-03T00:51:17","guid":{"rendered":"https:\/\/ens9004-mza.infd.edu.ar\/sitio\/congreso-regional-4ies-2014\/"},"modified":"2018-07-20T19:49:07","modified_gmt":"2018-07-20T22:49:07","slug":"congreso-regional-4ies-2014","status":"publish","type":"page","link":"https:\/\/ens9004-infd.mendoza.edu.ar\/sitio\/congreso-regional-4ies-2014\/","title":{"rendered":"Congreso Regional 4IES- 2014"},"content":{"rendered":"<p><img decoding=\"async\" loading=\"lazy\" class=\"aligncenter\" style=\"border: 0;\" src=\"https:\/\/lh6.googleusercontent.com\/-BN2Hr08vfd4\/VFJCurLlGhI\/AAAAAAAAB2g\/NxkHVlwnp7Q\/s2048\/img22541000.JPG\" width=\"600\" height=\"150\" border=\"0\" \/><\/p>\n<p>Los d\u00edas 9 y 10 de octubre de 2014 se llev\u00f3 a cabo el 1\u00ba Congreso Regional de los Institutos del Valle de Uco denominado \u201c<strong>La Educaci\u00f3n Superior como trayecto formativo para el Desarrollo Local<\/strong>\u201d Desde nuestra instituto se presentaron las ponencia:<\/p>\n<ul>\n<li><strong>Aislamiento y caracterizaci\u00f3n de hongos del g\u00e9nero Penicillium y Aspergillus aislados de dulces caseros<\/strong>, \u00a0responsables Prof Valdez, Jorge. G y Gil, Flavia V.;<\/li>\n<li><strong>Experiencias de atenci\u00f3n a\u00a0 la diversidad en la formaci\u00f3n profesional docente, <\/strong>responsables Mar\u00eda Guadalupe Navarro, Mar\u00eda Nazaret\u00a0 L\u00f3pez Santoni y estudiantes de 3\u00b0 a\u00f1o de PEP;<\/li>\n<li><strong>Aula Taller SIG responsable<\/strong>; Santinelli, Mariana; Movimiento del Software Libre:<\/li>\n<li><strong>La\u00a0 f\u00f3rmula hacker para la propiedad p\u00fablica\u00a0 del siglo XXI<\/strong>, responsables Lobos, Diego. Aristiaran, Mart\u00edn (Docente IES 9-10 y T-009), Gervasoni, Braian (alumno de segundo a\u00f1o IES 9-010).<\/li>\n<\/ul>\n<p>Video sobre algo \u00a0de lo que pas\u00f3 durante el Congreso realizado por alumnos de la Carrera de Comunicaci\u00f3n Social y el Equipo de Comunicaci\u00f3n Institucional IES 9-015 \u201cValle de Uco\u201d<\/p>\n<p style=\"text-align: center;\"><iframe loading=\"lazy\" src=\"https:\/\/www.youtube.com\/embed\/t3YxQ7NIryU?rel=0&amp;showinfo=0\" width=\"560\" height=\"315\" frameborder=\"0\" allowfullscreen=\"allowfullscreen\"><\/iframe><\/p>\n<p>&nbsp;<\/p>\n<h4 style=\"text-align: center;\"><span style=\"color: #808000;\"><strong>\u00abLa Educaci\u00f3n Superior como trayecto formativo para el Desarrollo Local\u00bb<\/strong><\/span><\/h4>\n<div><\/div>\n<div style=\"text-align: center;\"><div  class=\"lgc-column lgc-grid-parent lgc-grid-33 lgc-tablet-grid-50 lgc-mobile-grid-100 lgc-equal-heights \"><div  class=\"inside-grid-column\"><\/div>\n<div style=\"text-align: center;\">\n<p><strong><a href=\"index.cgi?wid_item=187&amp;wid_seccion=42\">Circular N\u00ba 2\/2014<\/a><\/strong><\/p>\n<p><img decoding=\"async\" loading=\"lazy\" src=\"https:\/\/lh4.googleusercontent.com\/-NDrqllhnY9M\/VFJZzWNgCcI\/AAAAAAAAB2w\/JImadWIDSdQ\/s2048\/logo4ies.gif\" width=\"44\" height=\"63\" border=\"0\" \/><\/p>\n<p><\/p><\/div><\/div>\n<div  class=\"lgc-column lgc-grid-parent lgc-grid-33 lgc-tablet-grid-50 lgc-mobile-grid-100 lgc-equal-heights \"><div  class=\"inside-grid-column\">\n<p>&nbsp;<\/p>\n<p><strong><a href=\"index.cgi?wid_item=188&amp;wid_seccion=42\">Res\u00famenes de Ponencias y Posters \u00a0<\/a><\/strong><\/p>\n<p><img decoding=\"async\" loading=\"lazy\" src=\"https:\/\/lh4.googleusercontent.com\/-NDrqllhnY9M\/VFJZzWNgCcI\/AAAAAAAAB2w\/JImadWIDSdQ\/s2048\/logo4ies.gif\" width=\"44\" height=\"63\" border=\"0\" \/><\/p>\n<p><\/p><\/div><\/div>\n<div  class=\"lgc-column lgc-grid-parent lgc-grid-33 lgc-tablet-grid-50 lgc-mobile-grid-100 lgc-equal-heights \"><div  class=\"inside-grid-column\">\n<p>&nbsp;<\/p>\n<p><strong><a href=\"index.cgi?wid_item=186&amp;wid_seccion=42\">Programa\u00a0<\/a><\/strong><\/p>\n<p><img decoding=\"async\" loading=\"lazy\" src=\"https:\/\/lh4.googleusercontent.com\/-NDrqllhnY9M\/VFJZzWNgCcI\/AAAAAAAAB2w\/JImadWIDSdQ\/s2048\/logo4ies.gif\" width=\"44\" height=\"63\" border=\"0\" \/><\/p>\n<p><\/p><\/div><\/div><div class=\"lgc-clear\"><\/div>\n<div  class=\"lgc-column lgc-grid-parent lgc-grid-100 lgc-tablet-grid-50 lgc-mobile-grid-100 lgc-equal-heights \"><div  class=\"inside-grid-column\">\n<\/div>\n<div id=\"g_text2\">\n<div class=\"wpmd\" style=\"text-align: center;\">\u00a0<span class=\"ws20\" style=\"color: #969696; font-family: Verdana;\"><strong><span style=\"color: #000000;\">\u00a0Informaci\u00f3n extra\u00edda de\u00a0I.E.S. N\u00b0 9-015<\/span> \u00ab<a href=\"http:\/\/iesvu.edu.ar\/congreso.html\">VALLE DE UCO<\/a>\u00ab<\/strong><\/span><\/div>\n<div style=\"text-align: center;\"><\/div><\/div><div class=\"lgc-clear\"><\/div><\/div><\/div>\n<div>\n<hr \/>\n<\/div>\n<\/div>\n<p>&nbsp;<\/p>\n","protected":false},"excerpt":{"rendered":"<p>Los d\u00edas 9 y 10 de octubre de 2014 se llev\u00f3 a cabo el 1\u00ba Congreso Regional de los Institutos del Valle de Uco denominado \u201cLa Educaci\u00f3n Superior como trayecto formativo para el Desarrollo Local\u201d Desde nuestra instituto se presentaron las ponencia: Aislamiento y caracterizaci\u00f3n de hongos del g\u00e9nero Penicillium y Aspergillus aislados de dulces &#8230; <a title=\"Congreso Regional 4IES- 2014\" class=\"read-more\" href=\"https:\/\/ens9004-infd.mendoza.edu.ar\/sitio\/congreso-regional-4ies-2014\/\" aria-label=\"More on Congreso Regional 4IES- 2014\">[+]<\/a><\/p>\n","protected":false},"author":1578,"featured_media":0,"parent":0,"menu_order":0,"comment_status":"closed","ping_status":"closed","template":"","meta":[],"acf":[],"_links":{"self":[{"href":"https:\/\/ens9004-infd.mendoza.edu.ar\/sitio\/wp-json\/wp\/v2\/pages\/2706"}],"collection":[{"href":"https:\/\/ens9004-infd.mendoza.edu.ar\/sitio\/wp-json\/wp\/v2\/pages"}],"about":[{"href":"https:\/\/ens9004-infd.mendoza.edu.ar\/sitio\/wp-json\/wp\/v2\/types\/page"}],"author":[{"embeddable":true,"href":"https:\/\/ens9004-infd.mendoza.edu.ar\/sitio\/wp-json\/wp\/v2\/users\/1578"}],"replies":[{"embeddable":true,"href":"https:\/\/ens9004-infd.mendoza.edu.ar\/sitio\/wp-json\/wp\/v2\/comments?post=2706"}],"version-history":[{"count":17,"href":"https:\/\/ens9004-infd.mendoza.edu.ar\/sitio\/wp-json\/wp\/v2\/pages\/2706\/revisions"}],"predecessor-version":[{"id":5067,"href":"https:\/\/ens9004-infd.mendoza.edu.ar\/sitio\/wp-json\/wp\/v2\/pages\/2706\/revisions\/5067"}],"wp:attachment":[{"href":"https:\/\/ens9004-infd.mendoza.edu.ar\/sitio\/wp-json\/wp\/v2\/media?parent=2706"}],"curies":[{"name":"wp","href":"https:\/\/api.w.org\/{rel}","templated":true}]}}