{"id":2651,"date":"2018-07-10T12:11:24","date_gmt":"2018-07-10T15:11:24","guid":{"rendered":"https:\/\/ens9004-mza.infd.edu.ar\/sitio\/?page_id=2651"},"modified":"2018-07-10T12:11:24","modified_gmt":"2018-07-10T15:11:24","slug":"requerimientos-ubicacion-e-instalacion-de-la-estacion","status":"publish","type":"page","link":"https:\/\/ens9004-infd.mendoza.edu.ar\/sitio\/requerimientos-ubicacion-e-instalacion-de-la-estacion\/","title":{"rendered":"Requerimientos. Ubicaci\u00f3n e instalaci\u00f3n de la Estaci\u00f3n"},"content":{"rendered":"<p style=\"text-align: center;\"><span style=\"font-size: 12pt;\"><strong>&nbsp;<\/strong><\/span><\/p>\n<p style=\"text-align: center;\">&nbsp;<\/p>\n<p style=\"text-align: center;\">&nbsp;<\/p>\n<p style=\"text-align: center;\"><strong><img decoding=\"async\" loading=\"lazy\" title=\"LOCO\" src=\"https:\/\/ens9004-infd.mendoza.edu.ar\/sitio\/wp-content\/uploads\/2018\/07\/logo_1.jpg\" border=\"0\" alt=\"LOCO\" width=\"134\" height=\"136\"><\/strong><\/p>\n<p style=\"text-align: center;\">&nbsp;<strong><span>Profesor Ricardo Fernandez<\/span><\/strong><\/p>\n<p style=\"text-align: center;\">&nbsp;<strong>&nbsp;<a href=\"riferalfa@hotmail.com\" target=\"_blank\">riferalfa@hotmail.com<\/a><\/strong><\/p>\n<p style=\"text-align: center;\"><span style=\"font-size: 12pt;\">&nbsp;<\/span><\/p>\n<p>&nbsp;<strong><a title=\"Estaci&oacute;n Meteorol&oacute;gica T de Luzuriaga\" href=\"index.cgi?wid_seccion=37\">VOLVER A ESTACI&Oacute;N METEOROL&Oacute;GICA T DE LUZURIAGA<\/a><\/strong><\/p>\n<p><span style=\"font-size: 14pt;\"><strong>Emplazamiento y exposici&oacute;n de la estaci&oacute;n<\/strong><\/span><\/p>\n<p>&nbsp;<\/p>\n<p><span style=\"font-size: 12pt;\">Las siguientes consideraciones se aplican a la elecci&oacute;n del emplazamiento (lugar donde est&aacute; colocada la estaci&oacute;n) y a los requisitos que se deben cumplir sobre la exposici&oacute;n de los instrumentos (tomado de: Gu&iacute;a de Instrumentos y M&eacute;todos de Observaci&oacute;n Meteorol&oacute;gicos, OMM, sexta edici&oacute;n, 1996):<\/span><\/p>\n<p>&nbsp;<\/p>\n<p><span style=\"font-size: 12pt;\">a-&nbsp;&nbsp;&nbsp;&nbsp;&nbsp; los instrumentos exteriores deben instalarse en un terreno llano, aproximadamente de 10 por 7 metros (el recinto), cubierto de hierba baja, o de una superficie representativa de la localidad, rodeada de una cerca para impedir el acceso a personas no autorizadas, en el recinto se reserva una parcela de 2 por 2 metros para mediciones referidas al estado del suelo.<\/span><\/p>\n<p>&nbsp;<\/p>\n<p><span style=\"font-size: 12pt;\">b-&nbsp;&nbsp;&nbsp;&nbsp;&nbsp; no debe haber laderas inclinadas en las proximidades, y el emplazamiento no debe encontrarse en una hondonada. Si no se cumplen estas condiciones las observaciones pueden presentar peculiaridades de significaci&oacute;n puramente local.<\/span><\/p>\n<p>&nbsp;<\/p>\n<p><span style=\"font-size: 12pt;\">c-&nbsp;&nbsp;&nbsp;&nbsp;&nbsp;&nbsp; el emplazamiento debe estar suficientemente alejado de &aacute;rboles, edificios, muros u otros obst&aacute;culos. La distancia entre cualquiera de esos obst&aacute;culos (incluidas las vallas) y el pluvi&oacute;metro no debe ser inferior al doble de la altura del objeto por encima del borde del aparato y preferentemente debe de cuadriplicar la altura.<\/span><\/p>\n<p>&nbsp;<\/p>\n<p><span style=\"font-size: 12pt;\">d-&nbsp;&nbsp;&nbsp;&nbsp;&nbsp; el registrador de luz solar, el pluvi&oacute;metro y el anem&oacute;metro deben de encontrase en emplazamientos con exposiciones que satisfagan sus requisitos, y en el mismo lugar que los otros instrumentos.<\/span><\/p>\n<p>&nbsp;<\/p>\n<p><span style=\"font-size: 12pt;\">e-&nbsp;&nbsp;&nbsp;&nbsp;&nbsp; &nbsp;debe se&ntilde;alarse que el recinto puede ser no el mejor lugar para estimar la velocidad y direcci&oacute;n del viento, tal vez convenga otro punto de observaci&oacute;n m&aacute;s expuesto al viento.<\/span><\/p>\n<p>&nbsp;<\/p>\n<p><span style=\"font-size: 12pt;\">f-&nbsp;&nbsp;&nbsp;&nbsp;&nbsp;&nbsp; emplazamientos muy abiertos sin ning&uacute;n tipo de obst&aacute;culos cercanos, satisfactorios para la mayor&iacute;a de los instrumentos son inapropiados para los pluvi&oacute;metros. En estos lugares la captaci&oacute;n del agua es reducida, salvo con vientos d&eacute;biles, y se necesita alg&uacute;n grado de protecci&oacute;n.<\/span><\/p>\n<p>&nbsp;<\/p>\n<p><span style=\"font-size: 12pt;\">La OMM recomienda que los instrumentos manuales deben estar dentro de una garita (en este caso, especie de caja protectora) que tenga las siguientes caracter&iacute;sticas:<\/span><\/p>\n<p>&nbsp;<\/p>\n<p><span style=\"font-size: 12pt;\">&#8211;&nbsp;&nbsp;&nbsp;&nbsp;&nbsp;&nbsp;&nbsp;&nbsp;&nbsp; De madera, pintada de blanco y esmaltada para reflejar bien la radiaci&oacute;n.<\/span><\/p>\n<p>&nbsp;<\/p>\n<p><span style=\"font-size: 12pt;\">&#8211;&nbsp;&nbsp;&nbsp;&nbsp;&nbsp;&nbsp;&nbsp;&nbsp;&nbsp; Con buena ventilaci&oacute;n.<\/span><\/p>\n<p>&nbsp;<\/p>\n<p><span style=\"font-size: 12pt;\">&#8211;&nbsp;&nbsp;&nbsp;&nbsp;&nbsp;&nbsp;&nbsp;&nbsp;&nbsp; Con techo doble y circulaci&oacute;n del aire entre los dos tejados para evitar el calentamiento del aire cuando la radiaci&oacute;n es muy intensa.<\/span><\/p>\n<p>&nbsp;<\/p>\n<p><span style=\"font-size: 12pt;\">&#8211;&nbsp;&nbsp;&nbsp;&nbsp;&nbsp;&nbsp;&nbsp;&nbsp;&nbsp; La puerta debe estar orientada al Norte en nuestro hemisferio, para evitar que al realizar las observaciones los rayos solares incidan sobre los instrumentos.<\/span><\/p>\n<p>&nbsp;<\/p>\n<p><span style=\"font-size: 12pt;\">&#8211;&nbsp;&nbsp;&nbsp;&nbsp;&nbsp;&nbsp;&nbsp;&nbsp;&nbsp; Con techo suficientemente inclinado para dejar escurrir el agua de lluvia la inclinaci&oacute;n puede variar de acuerdo a la cantidad de lluvia del sitio. 1<\/span><\/p>\n<p>&nbsp;<\/p>\n<p>&nbsp;<\/p>\n<p><span style=\"font-size: 12pt;\"><strong>Garita termom&eacute;trica&nbsp;<\/strong><\/span><\/p>\n<p style=\"text-align: justify;\"><span style=\"font-size: 12pt;\">La mayor&iacute;a de las numerosas variedades de garitas&nbsp;con paredes de celos&iacute;a se fundan en la ventilaci&oacute;n natural.<\/span><\/p>\n<p><span style=\"font-size: 12pt;\"><img decoding=\"async\" style=\"display: block; margin-left: auto; margin-right: auto;\" title=\"GARITA TERMOM&Eacute;TRICA\" src=\"https:\/\/ens9004-infd.mendoza.edu.ar\/sitio\/wp-content\/uploads\/2018\/07\/GARITA_TERMOM%C3%89TRICA.png\" border=\"0\" alt=\"GARITA TERMOM&Eacute;TRICA\"><\/span><\/p>\n<p style=\"text-align: justify;\"><span style=\"font-size: 12pt;\">En la mayor medida posible una garita deber ser&nbsp;dise&ntilde;ada para que constituya un recinto de temperatura&nbsp;uniforme igual a la del aire exterior. La garita debe&nbsp;rodear completamente a los term&oacute;metros e impedir&nbsp;que entre el calor y la precipitaci&oacute;n. Las paredes deben&nbsp;ser preferentemente de doble celos&iacute;a en forma de persiana,&nbsp;y el piso debe estar hecho de listones dispuestos en dos niveles alternados, aunque existen tambi&eacute;n otros tipos de construcci&oacute;n que satisfacen los requisitos citados. La cubierta debe ser de doble capa, con un espacio de ventilaci&oacute;n entre ambas. En climas fr&iacute;os debido a la gran reflectividad de la nieve (hasta 88 por ciento) la garita tiene que tener doble piso. Al mismo tiempo, dicho piso debe tener la posibilidad de quitarse o inclinarse de modo que se pueda sacar la nieve que haya podido entrar durante una tormenta.<\/span><\/p>\n<p style=\"text-align: justify;\"><span style=\"font-size: 12pt;\">El tama&ntilde;o y construcci&oacute;n de la garita debe ser tal&nbsp;que se mantenga la capacidad de acumulaci&oacute;n de calor&nbsp;lo m&aacute;s baja posible y, al mismo tiempo, que permita un&nbsp;amplio espacio entre los instrumentos y las paredes.&nbsp;Esta &uacute;ltima caracter&iacute;stica excluye toda posibilidad de&nbsp;contacto directo de los sensores del term&oacute;metro con&nbsp;las paredes, lo cual resulta particularmente importante&nbsp;en las zonas tropicales, en donde la insolaci&oacute;n puede&nbsp;calentar las paredes hasta el punto de causar un apreciable&nbsp;gradiente de temperatura en la garita. Se debe&nbsp;evitar el contacto directo entre los sensores y el soporte&nbsp;donde est&aacute;n montados los term&oacute;metros. La garita&nbsp;debe estar pintada de blanco por fuera y por dentro&nbsp;con pintura no higrosc&oacute;pica.&nbsp;<\/span><\/p>\n<p style=\"text-align: justify;\"><span style=\"font-size: 12pt;\">Cuando las paredes son dobles, el aire comprendido&nbsp;entre ambas capas sirve para reducir la cantidad de&nbsp;calor que de otro modo pasar&iacute;a de la pared exterior&nbsp;hasta el recinto interior, especialmente con fuerte sol.<\/span><\/p>\n<p style=\"text-align: justify;\"><span style=\"font-size: 12pt;\">Cuando el viento es apreciable, el aire que hay entre las&nbsp;paredes cambia continuamente, de modo que la transmisi&oacute;n&nbsp;de calor hacia adentro de las paredes exteriores&nbsp;disminuye todav&iacute;a m&aacute;s.<\/span><\/p>\n<p style=\"text-align: justify;\"><span style=\"font-size: 12pt;\">La libre circulaci&oacute;n del aire a trav&eacute;s de toda la garita&nbsp;contribuye a que la temperatura de la pared interior se&nbsp;adapte a los cambios del aire ambiente. De este modo&nbsp;la influencia de la pared interior sobre la temperatura&nbsp;del bar&oacute;metro queda reducida. Por otra parte, la libre&nbsp;circulaci&oacute;n del aire dentro de la garita permite que el&nbsp;term&oacute;metro siga los cambios del aire ambiente con&nbsp;mayor rapidez que si actuaran &uacute;nicamente los intercambios&nbsp;de radiaci&oacute;n. Sin embargo, el aire que circula&nbsp;a trav&eacute;s de la garita permanece alg&uacute;n tiempo en contacto&nbsp;con las paredes exteriores y, por consiguiente,&nbsp;puede all&iacute; alterar su temperatura. Este efecto resulta&nbsp;apreciable cuando el viento es d&eacute;bil, y la temperatura&nbsp;de la pared externa es muy distinta de la temperatura&nbsp;del aire. Por tanto, cabe esperar que la temperatura&nbsp;del aire en una garita sea superior a la verdadera&nbsp;temperatura del aire en un d&iacute;a de fuerte sol y calma, y&nbsp;ligeramente inferior en una noche despejada y en calma,&nbsp;con errores que quiz&aacute; lleguen a +2.5&deg;C y &ndash;0.5&deg;C&nbsp;respectivamente, en casos extremos. Se pueden introducir&nbsp;errores adicionales por enfriamiento debido a la&nbsp;evaporaci&oacute;n procedente de una garita mojada despu&eacute;s&nbsp;de la lluvia. Todos estos factores ejercen adem&aacute;s una&nbsp;influencia directa en las lecturas de otros instrumentos&nbsp;instalados dentro de la garita, tales como higr&oacute;metros,&nbsp;evapor&iacute;metros, etc.<\/span><\/p>\n<p style=\"text-align: justify;\"><span style=\"font-size: 12pt;\">Para el trabajo meteorol&oacute;gico general, la temperatura&nbsp;observada debe ser representativa de las condiciones&nbsp;del aire libre en una zona lo m&aacute;s amplia posible en&nbsp;los alrededores de la estaci&oacute;n, a la altura comprendida&nbsp;entre 1.25 y 2 m por encima del nivel del terreno. Se&nbsp;especifica la altura sobre el nivel del terreno debido a&nbsp;los grandes gradientes verticales de la temperatura que<\/span><br \/><span style=\"font-size: 12pt;\">pueden existir en las capas m&aacute;s bajas de la atm&oacute;sfera.&nbsp;El mejor emplazamiento para la garita y los term&oacute;metros&nbsp;es, por consiguiente, por encima del nivel del terreno,&nbsp;con libre exposici&oacute;n al sol y al viento y no abrigada&nbsp;de &aacute;rboles, edificios u otras obstrucciones pr&oacute;ximas.&nbsp;Se debe evitar el emplazamiento en una ladera muy&nbsp;inclinada o en una oquedad, lugares que s&oacute;lo deben&nbsp;utilizarse en condiciones excepcionales. En peque&ntilde;as&nbsp;poblaciones y grandes ciudades cabe esperar que las&nbsp;peculiaridades locales sean m&aacute;s acentuadas que en los&nbsp;distritos rurales. <\/span><\/p>\n<p style=\"text-align: justify;\"><span style=\"font-size: 12pt;\">Las observaciones de temperatura en&nbsp;la terraza de los edificios son de dudosa significaci&oacute;n&nbsp;y utilidad debido al variable gradiente vertical de temperatura&nbsp;y al efecto que el edificio mismo ejerce en la&nbsp;distribuci&oacute;n de dicha temperatura. En una estaci&oacute;n&nbsp;donde la nieve sea persistente y de espesor variable, es&nbsp;posible utilizar un soporte que permite levantar o bajar&nbsp;la garita para mantener una altura adecuada por encima&nbsp;de la superficie de la nieve. En general, la garita s&oacute;lo&nbsp;necesita una puerta situada de tal modo que el sol no&nbsp;llegue a los term&oacute;metros cuando dicha puerta se abra&nbsp;en el momento de la observaci&oacute;n. En las zonas tropicales&nbsp;se necesitan dos puertas para utilizarlos en distintos&nbsp;per&iacute;odos del a&ntilde;o. An&aacute;logamente, en las regiones&nbsp;polares donde el sol tiene un &aacute;ngulo muy bajo sobre el&nbsp;horizonte, se deben tomar precauciones para proteger&nbsp;el interior de la garita de los rayos del sol, manteni&eacute;ndola&nbsp;a la sombra por cualquier procedimiento o utilizando&nbsp;una pantalla montada de tal manera que puede&nbsp;girarse hasta lograr un &aacute;ngulo adecuado mientras se&nbsp;abre la puerta para realizar las lecturas.<\/span><\/p>\n<p style=\"text-align: justify;\"><span style=\"font-size: 12pt;\">Aunque la mayor&iacute;a de las garitas est&aacute;n hechas de madera,&nbsp;algunos recientes dise&ntilde;os que utilizan materiales&nbsp;pl&aacute;sticos ofrecen mayor protecci&oacute;n contra la radiaci&oacute;n,&nbsp;debido a la nueva forma de sus celos&iacute;as en persiana que&nbsp;permite una mejor circulaci&oacute;n del flujo de aire. En todo&nbsp;caso, tanto la garita como su soporte deben estar construidos&nbsp;con materiales robustos y firmemente instalados&nbsp;de modo que se reduzcan al m&iacute;nimo los errores de las&nbsp;lecturas de los term&oacute;metros de m&aacute;xima y de m&iacute;nima&nbsp;causados por la vibraci&oacute;n del viento o por el paso de veh&iacute;culos&nbsp;pesados. En algunas zonas, donde la vibraci&oacute;n&nbsp;del viento no puede ser completamente amortiguada,&nbsp;se recomienda la utilizaci&oacute;n de un soporte el&aacute;stico en&nbsp;forma de escuadra para el montaje. El terreno situado&nbsp;por debajo de la garita debe estar sembrado de hierba&nbsp;o, en zonas donde la hierba no crece, debe ser la misma&nbsp;superficie que haya en toda la zona.<\/span><\/p>\n<p style=\"text-align: justify;\"><span style=\"font-size: 12pt;\">La garita debe mantenerse limpia y volverse a pintar&nbsp;peri&oacute;dicamente; en muchos lugares basta pintar la&nbsp;garita cada dos a&ntilde;os, pero en las regiones afectadas&nbsp;por la contaminaci&oacute;n atmosf&eacute;rica puede ser necesario&nbsp;hacerlo todos los a&ntilde;os.&nbsp;Como medio de reducir los errores debidos a una&nbsp;ventilaci&oacute;n insuficiente, y m&aacute;s especialmente para contribuir&nbsp;a una psicrometr&iacute;a precisa se ha recomendado&nbsp;que se utilice la ventilaci&oacute;n artificial junto con garitas&nbsp;adicionales de radiaci&oacute;n en las estaciones sin&oacute;pticas,&nbsp;especialmente para los term&oacute;metros el&eacute;ctricos que no&nbsp;exigen una garita espaciosa. 2<\/span><\/p>\n<p style=\"text-align: justify;\"><span style=\"font-size: 8pt;\">1&nbsp;<\/span><\/p>\n<p style=\"text-align: justify;\">&nbsp;<\/p>\n<p><span style=\"font-size: 8pt;\">Estaciones Meteorol&oacute;gicas. Compilado por Enrique Castro Fonseca <a href=\"mailto:ecastro@sloth.ots.ac.cr\">ecastro@sloth.ots.ac.cr<\/a>. Revisado por: D. Brenes, W. L&oacute;pez, O. Madrigal, B. Matarrita, J. Serrano y Z. Zahawi, Sarapiqu&iacute;, Mayo 2008, Versi&oacute;n 1.0<\/span><\/p>\n<p style=\"text-align: justify;\">&nbsp;<\/p>\n<p style=\"text-align: justify;\"><span style=\"font-size: 8pt;\">2 Fuente:Manual Te&oacute;rico Pr&aacute;ctico del Observador Meteorol&oacute;gico de Superficie Comisi&oacute;n Nacional del Agua Marzo de 2010 www.conagua.gob.mx<\/span><\/p>\n<p style=\"text-align: center;\"><span style=\"font-size: 12pt;\"><img decoding=\"async\" title=\"En construcci&oacute;n\" src=\"https:\/\/ens9004-infd.mendoza.edu.ar\/sitio\/wp-content\/uploads\/2018\/07\/ocon2.gif\" border=\"0\" alt=\"En construcci&oacute;n\"><\/span><\/p><\/p>\n","protected":false},"excerpt":{"rendered":"<p>&nbsp; &nbsp; &nbsp; &nbsp;Profesor Ricardo Fernandez &nbsp;&nbsp;riferalfa@hotmail.com &nbsp; &nbsp;VOLVER A ESTACI&Oacute;N METEOROL&Oacute;GICA T DE LUZURIAGA Emplazamiento y exposici&oacute;n de la estaci&oacute;n &nbsp; Las siguientes consideraciones se aplican a la elecci&oacute;n del emplazamiento (lugar donde est&aacute; colocada la estaci&oacute;n) y a los requisitos que se deben cumplir sobre la exposici&oacute;n de los instrumentos (tomado de: Gu&iacute;a &#8230; <a title=\"Requerimientos. Ubicaci\u00f3n e instalaci\u00f3n de la Estaci\u00f3n\" class=\"read-more\" href=\"https:\/\/ens9004-infd.mendoza.edu.ar\/sitio\/requerimientos-ubicacion-e-instalacion-de-la-estacion\/\" aria-label=\"More on Requerimientos. Ubicaci\u00f3n e instalaci\u00f3n de la Estaci\u00f3n\">[+]<\/a><\/p>\n","protected":false},"author":1578,"featured_media":0,"parent":0,"menu_order":0,"comment_status":"closed","ping_status":"closed","template":"","meta":[],"acf":[],"_links":{"self":[{"href":"https:\/\/ens9004-infd.mendoza.edu.ar\/sitio\/wp-json\/wp\/v2\/pages\/2651"}],"collection":[{"href":"https:\/\/ens9004-infd.mendoza.edu.ar\/sitio\/wp-json\/wp\/v2\/pages"}],"about":[{"href":"https:\/\/ens9004-infd.mendoza.edu.ar\/sitio\/wp-json\/wp\/v2\/types\/page"}],"author":[{"embeddable":true,"href":"https:\/\/ens9004-infd.mendoza.edu.ar\/sitio\/wp-json\/wp\/v2\/users\/1578"}],"replies":[{"embeddable":true,"href":"https:\/\/ens9004-infd.mendoza.edu.ar\/sitio\/wp-json\/wp\/v2\/comments?post=2651"}],"version-history":[{"count":1,"href":"https:\/\/ens9004-infd.mendoza.edu.ar\/sitio\/wp-json\/wp\/v2\/pages\/2651\/revisions"}],"predecessor-version":[{"id":3074,"href":"https:\/\/ens9004-infd.mendoza.edu.ar\/sitio\/wp-json\/wp\/v2\/pages\/2651\/revisions\/3074"}],"wp:attachment":[{"href":"https:\/\/ens9004-infd.mendoza.edu.ar\/sitio\/wp-json\/wp\/v2\/media?parent=2651"}],"curies":[{"name":"wp","href":"https:\/\/api.w.org\/{rel}","templated":true}]}}