{"id":2537,"date":"2018-07-10T12:11:21","date_gmt":"2018-07-10T15:11:21","guid":{"rendered":"https:\/\/ens9004-mza.infd.edu.ar\/sitio\/?page_id=2537"},"modified":"2018-08-01T20:54:17","modified_gmt":"2018-08-01T23:54:17","slug":"geografia-politica","status":"publish","type":"page","link":"https:\/\/ens9004-infd.mendoza.edu.ar\/sitio\/geografia-politica\/","title":{"rendered":"Geograf\u00eda Pol\u00edtica"},"content":{"rendered":"<p><img decoding=\"async\" loading=\"lazy\" style=\"border: 0; float: left;\" title=\"\" src=\"https:\/\/ens9004-infd.mendoza.edu.ar\/sitio\/wp-content\/uploads\/2018\/07\/lapiz.jpg\" width=\"30\" height=\"30\" border=\"0\" \/>\u00a0<a href=\"upload\/01-%20BALLESTEROS%20&amp;%20SENDRA%20-%20Evolucion%20y%20tendencias%20actuales%20en%20geografia%20politica.pdf\" target=\"_blank\" rel=\"noopener\">01- BALLESTEROS &amp; SENDRA &#8211; Evoluci\u00f3n y tendencias actuales en geograf\u00eda pol\u00edtica<\/a><\/p>\n<p><img decoding=\"async\" loading=\"lazy\" style=\"border: 0; float: left;\" src=\"https:\/\/ens9004-infd.mendoza.edu.ar\/sitio\/wp-content\/uploads\/2018\/07\/lapiz.jpg\" width=\"30\" height=\"30\" border=\"0\" \/>\u00a0<a href=\"upload\/02-%20SANCHEZ,%20J.E.%20-%20Poder%20y%20espacio.pdf\" target=\"_blank\" rel=\"noopener\">02- SANCHEZ, J.E. &#8211; Poder y espacio<\/a><\/p>\n<p><img decoding=\"async\" loading=\"lazy\" src=\"https:\/\/ens9004-infd.mendoza.edu.ar\/sitio\/wp-content\/uploads\/2018\/07\/lapiz.jpg\" width=\"30\" height=\"30\" border=\"0\" \/>\u00a0<a href=\"upload\/03-%20BOISIER,%20S.%20-%20Globalizacion,%20geografia%20politica%20y%20fronteras.pdf\" target=\"_blank\" rel=\"noopener\">03- BOISIER, S. &#8211; Globalizaci\u00f3n, geograf\u00eda\u00a0 pol\u00edtica y fronteras<\/a><\/p>\n<p><img decoding=\"async\" loading=\"lazy\" src=\"https:\/\/ens9004-infd.mendoza.edu.ar\/sitio\/wp-content\/uploads\/2018\/07\/lapiz.jpg\" width=\"30\" height=\"30\" border=\"0\" \/><a href=\"upload\/04-_SCHRAMKE_W..doc\" target=\"_blank\" rel=\"noopener\">\u00a004- SCHRAMKE, W. &#8211; La geografia como educaci\u00f3n politica<\/a><\/p>\n<p><img decoding=\"async\" loading=\"lazy\" src=\"https:\/\/ens9004-infd.mendoza.edu.ar\/sitio\/wp-content\/uploads\/2018\/07\/lapiz.jpg\" width=\"30\" height=\"30\" border=\"0\" \/>\u00a0<a href=\"upload\/05-%20GUTIERREZ%20DEL%20CID%20-%20El%20abandono%20del%20consenso%20de%20Washington%20y.....pdf\" target=\"_blank\" rel=\"noopener\">05- GUTIERREZ DEL CID &#8211; El abandono del consenso de Washington y&#8230;<\/a><\/p>\n<p><a href=\"upload\/05-%20GUTIERREZ%20DEL%20CID%20-%20El%20abandono%20del%20consenso%20de%20Washington%20y.....pdf\" target=\"_blank\" rel=\"noopener\">.<\/a><img decoding=\"async\" loading=\"lazy\" src=\"https:\/\/ens9004-infd.mendoza.edu.ar\/sitio\/wp-content\/uploads\/2018\/07\/lapiz.jpg\" width=\"30\" height=\"30\" border=\"0\" \/>\u00a0<a href=\"upload\/06-%20ELIZALDE%20HEVIA%20-%20Geopolitica%20y%20energia.pdf\" target=\"_blank\" rel=\"noopener\">06- ELIZALDE HEVIA &#8211; Geopolitica y energ\u00eda<\/a><\/p>\n<p><img decoding=\"async\" loading=\"lazy\" src=\"https:\/\/ens9004-infd.mendoza.edu.ar\/sitio\/wp-content\/uploads\/2018\/07\/lapiz.jpg\" width=\"30\" height=\"30\" border=\"0\" \/>\u00a0<a href=\"upload\/07-%20CADENA%20MONTENEGRO%20-%20200%20a%F1os%20independencia%20Latinoamerica%20y%20su%20evolucion%20geopolitica.pdf\" target=\"_blank\" rel=\"noopener\">07- CADENA MONTENEGRO &#8211; 200 a\u00f1os independencia Latinoamerica y su evolucion geopolitica<\/a><\/p>\n<p><img decoding=\"async\" loading=\"lazy\" src=\"https:\/\/ens9004-infd.mendoza.edu.ar\/sitio\/wp-content\/uploads\/2018\/07\/lapiz.jpg\" width=\"30\" height=\"30\" border=\"0\" \/>\u00a0<a href=\"upload\/08%20-%20ROWNTREE%20&amp;%20OTROS%20-%20LIBRO%20-%20Globalisation%20and%20diversity.pdf\" target=\"_blank\" rel=\"noopener\">08 &#8211; ROWNTREE &amp; OTROS &#8211; LIBRO &#8211; Globalisation and diversity<\/a><\/p>\n<p><img decoding=\"async\" loading=\"lazy\" src=\"https:\/\/ens9004-infd.mendoza.edu.ar\/sitio\/wp-content\/uploads\/2018\/07\/lapiz.jpg\" width=\"30\" height=\"30\" border=\"0\" \/>\u00a0<a href=\"upload\/09-%20KIRBY,%20A.%20-%20Tiempo,%20espacio%20y%20accion%20colectiva.pdf\" target=\"_blank\" rel=\"noopener\">09- KIRBY, A. &#8211; Tiempo, espacio y accion colectiva<\/a><\/p>\n<p><img decoding=\"async\" loading=\"lazy\" src=\"https:\/\/ens9004-infd.mendoza.edu.ar\/sitio\/wp-content\/uploads\/2018\/07\/lapiz.jpg\" width=\"30\" height=\"30\" border=\"0\" \/>\u00a0<a href=\"upload\/10-%20SPARKE,%20M.%20-%20Political%20geography%20-%20globalization.pdf\" target=\"_blank\" rel=\"noopener\">10- SPARKE, M. &#8211; Political geography &#8211; globalization<\/a><\/p>\n<p><img decoding=\"async\" loading=\"lazy\" src=\"https:\/\/ens9004-infd.mendoza.edu.ar\/sitio\/wp-content\/uploads\/2018\/07\/lapiz.jpg\" width=\"30\" height=\"30\" border=\"0\" \/>\u00a0<a href=\"upload\/11-_CAIRO_CAROU_H._-_Los_enfoques_actuales_de_la_geograf%EDa_pol%EDtica.PDF\" target=\"_blank\" rel=\"noopener\">11- CAIRO CAROU, H. &#8211; Los enfoques actuales de la geograf\u00eda pol\u00edtica<\/a><\/p>\n<p><img decoding=\"async\" loading=\"lazy\" style=\"border: 0; float: left;\" src=\"https:\/\/ens9004-infd.mendoza.edu.ar\/sitio\/wp-content\/uploads\/2018\/07\/lapiz.jpg\" width=\"30\" height=\"30\" border=\"0\" \/><a href=\"upload\/12-_KELLY__P%C9REZ_-_Una_revisi%F3n_de_la_geopol%EDtica_cr%EDtica.pdf\" target=\"_blank\" rel=\"noopener\">12- KELLY &amp; P\u00c9REZ &#8211; Una revisi\u00f3n de la geopol\u00edtica cr\u00edtica<\/a><\/p>\n","protected":false},"excerpt":{"rendered":"<p>\u00a001- BALLESTEROS &amp; SENDRA &#8211; Evoluci\u00f3n y tendencias actuales en geograf\u00eda pol\u00edtica \u00a002- SANCHEZ, J.E. &#8211; Poder y espacio \u00a003- BOISIER, S. &#8211; Globalizaci\u00f3n, geograf\u00eda\u00a0 pol\u00edtica y fronteras \u00a004- SCHRAMKE, W. &#8211; La geografia como educaci\u00f3n politica \u00a005- GUTIERREZ DEL CID &#8211; El abandono del consenso de Washington y&#8230; .\u00a006- ELIZALDE HEVIA &#8211; Geopolitica y &#8230; <a title=\"Geograf\u00eda Pol\u00edtica\" class=\"read-more\" href=\"https:\/\/ens9004-infd.mendoza.edu.ar\/sitio\/geografia-politica\/\" aria-label=\"More on Geograf\u00eda Pol\u00edtica\">[+]<\/a><\/p>\n","protected":false},"author":1578,"featured_media":0,"parent":0,"menu_order":0,"comment_status":"closed","ping_status":"closed","template":"","meta":[],"acf":[],"_links":{"self":[{"href":"https:\/\/ens9004-infd.mendoza.edu.ar\/sitio\/wp-json\/wp\/v2\/pages\/2537"}],"collection":[{"href":"https:\/\/ens9004-infd.mendoza.edu.ar\/sitio\/wp-json\/wp\/v2\/pages"}],"about":[{"href":"https:\/\/ens9004-infd.mendoza.edu.ar\/sitio\/wp-json\/wp\/v2\/types\/page"}],"author":[{"embeddable":true,"href":"https:\/\/ens9004-infd.mendoza.edu.ar\/sitio\/wp-json\/wp\/v2\/users\/1578"}],"replies":[{"embeddable":true,"href":"https:\/\/ens9004-infd.mendoza.edu.ar\/sitio\/wp-json\/wp\/v2\/comments?post=2537"}],"version-history":[{"count":4,"href":"https:\/\/ens9004-infd.mendoza.edu.ar\/sitio\/wp-json\/wp\/v2\/pages\/2537\/revisions"}],"predecessor-version":[{"id":5133,"href":"https:\/\/ens9004-infd.mendoza.edu.ar\/sitio\/wp-json\/wp\/v2\/pages\/2537\/revisions\/5133"}],"wp:attachment":[{"href":"https:\/\/ens9004-infd.mendoza.edu.ar\/sitio\/wp-json\/wp\/v2\/media?parent=2537"}],"curies":[{"name":"wp","href":"https:\/\/api.w.org\/{rel}","templated":true}]}}