{"id":2535,"date":"2018-07-10T12:11:21","date_gmt":"2018-07-10T15:11:21","guid":{"rendered":"https:\/\/ens9004-mza.infd.edu.ar\/sitio\/?page_id=2535"},"modified":"2018-08-01T20:46:04","modified_gmt":"2018-08-01T23:46:04","slug":"epistemologia","status":"publish","type":"page","link":"https:\/\/ens9004-infd.mendoza.edu.ar\/sitio\/epistemologia\/","title":{"rendered":"Epistemolog\u00eda"},"content":{"rendered":"<p><img decoding=\"async\" loading=\"lazy\" style=\"border: 0; float: left;\" title=\"\" src=\"https:\/\/ens9004-infd.mendoza.edu.ar\/sitio\/wp-content\/uploads\/2018\/07\/digital1.png\" width=\"30\" height=\"40\" border=\"0\" \/><a href=\"upload\/1-%20ADORNO,%20Theodor%20W.%20-%20LIBRO%20-%20Epistemologia%20y%20ciencias%20sociales.pdf\" target=\"_blank\" rel=\"noopener\">1- ADORNO, Theodor W. &#8211; LIBRO &#8211; Epistemologia y ciencias sociales<\/a><\/p>\n<p><img decoding=\"async\" loading=\"lazy\" title=\"\" src=\"https:\/\/ens9004-infd.mendoza.edu.ar\/sitio\/wp-content\/uploads\/2018\/07\/digital1.png\" width=\"30\" height=\"40\" border=\"0\" \/><a href=\"upload\/2-%20BUNGE%20Mario%20-%20LIBRO%20-%20La%20relacion%20entre%20la%20sociologia%20y%20la%20filosofia.pdf\" target=\"_blank\" rel=\"noopener\">2- BUNGE Mario &#8211; LIBRO &#8211; La relacion entre la sociologia y la filosofia<\/a><\/p>\n<p><img decoding=\"async\" loading=\"lazy\" title=\"\" src=\"https:\/\/ens9004-infd.mendoza.edu.ar\/sitio\/wp-content\/uploads\/2018\/07\/digital1.png\" width=\"30\" height=\"40\" border=\"0\" \/><a href=\"upload\/3-%20HABERMAS%20Jurgen%20-%20LIBRO%20-%20Ciencia%20y%20tecnica%20como%20ideologia.pdf\" target=\"_blank\" rel=\"noopener\">3- HABERMAS Jurgen &#8211; LIBRO &#8211; Ciencia y tecnica como ideologia<\/a><\/p>\n<p><img decoding=\"async\" loading=\"lazy\" title=\"\" src=\"https:\/\/ens9004-infd.mendoza.edu.ar\/sitio\/wp-content\/uploads\/2018\/07\/digital1.png\" width=\"30\" height=\"40\" border=\"0\" \/><a href=\"upload\/4-%20BUNGE%20Mario%20-%20LIBRO%20-%20Ser,%20saber,%20hacer.PDF\" target=\"_blank\" rel=\"noopener\">4- BUNGE Mario &#8211; LIBRO &#8211; Ser, saber, hacer<\/a><\/p>\n<p><img decoding=\"async\" loading=\"lazy\" title=\"\" src=\"https:\/\/ens9004-infd.mendoza.edu.ar\/sitio\/wp-content\/uploads\/2018\/07\/digital1.png\" width=\"30\" height=\"40\" border=\"0\" \/><a href=\"upload\/5-_KUHN_T._-_LIBRO_-.PDF\" target=\"_blank\" rel=\"noopener\">5- KUHN, T. &#8211; LIBRO &#8211; La estructura de las revoluciones cient\u00edficas<\/a><\/p>\n<p><img decoding=\"async\" loading=\"lazy\" title=\"\" src=\"https:\/\/ens9004-infd.mendoza.edu.ar\/sitio\/wp-content\/uploads\/2018\/07\/digital1.png\" width=\"30\" height=\"40\" border=\"0\" \/><a href=\"upload\/6-_CASSIRER_E._-_LIBRO.PDF\" target=\"_blank\" rel=\"noopener\">6- CASSIRER, E. &#8211; LIBRO &#8211; Antropolog\u00eda filosofica\u00a0<\/a><\/p>\n<p><img decoding=\"async\" loading=\"lazy\" title=\"\" src=\"https:\/\/ens9004-infd.mendoza.edu.ar\/sitio\/wp-content\/uploads\/2018\/07\/digital1.png\" width=\"30\" height=\"40\" border=\"0\" \/><a href=\"upload\/7-%20DANCY,%20J.%20-%20LIBRO%20-%20Introduccion%20a%20la%20epistemologia%20contemporanea.pdf\" target=\"_blank\" rel=\"noopener\">7- DANCY, J. &#8211; LIBRO &#8211; Introduccion a la epistemologia contemporanea<\/a><\/p>\n<p><img decoding=\"async\" loading=\"lazy\" title=\"\" src=\"https:\/\/ens9004-infd.mendoza.edu.ar\/sitio\/wp-content\/uploads\/2018\/07\/digital1.png\" width=\"30\" height=\"40\" border=\"0\" \/><a href=\"upload\/8-%20ALVARADO%20RODRIGUEZ%20-%20Concepciones%20de%20ciencia%20y%20la%20ense%F1anza....pdf\" target=\"_blank\" rel=\"noopener\">8- ALVARADO RODRIGUEZ &#8211; Concepciones de ciencia y la ense\u00f1anza&#8230;<\/a><\/p>\n<p><img decoding=\"async\" loading=\"lazy\" title=\"\" src=\"https:\/\/ens9004-infd.mendoza.edu.ar\/sitio\/wp-content\/uploads\/2018\/07\/digital1.png\" width=\"30\" height=\"40\" border=\"0\" \/><a href=\"upload\/9-%20MART%CDNEZ%20MIG%C9LEZ%20-%20Hacia%20una%20epistemolog%EDa%20de%20la%20complejidad....pdf\" target=\"_blank\" rel=\"noopener\">9- MART\u00cdNEZ MIG\u00c9LEZ &#8211; Hacia una epistemolog\u00eda de la complejidad&#8230;<\/a><\/p>\n<p><img decoding=\"async\" loading=\"lazy\" title=\"\" src=\"https:\/\/ens9004-infd.mendoza.edu.ar\/sitio\/wp-content\/uploads\/2018\/07\/digital1.png\" width=\"30\" height=\"40\" border=\"0\" \/><a href=\"upload\/10-%20DURO%20&amp;%20NIRENBERG%20-%20LIBRO%20-%20Autoevaluacion%20de%20la%20calidad%20educativa%20en%20escuelas%20primarias.pdf\" target=\"_blank\" rel=\"noopener\">\u00a010- Gordon Childe &#8211; LIBRO &#8211; Teoria de la Historia<\/a><\/p>\n<p><img decoding=\"async\" loading=\"lazy\" title=\"\" src=\"https:\/\/ens9004-infd.mendoza.edu.ar\/sitio\/wp-content\/uploads\/2018\/07\/digital1.png\" width=\"30\" height=\"40\" border=\"0\" \/>\u00a0<a href=\"upload\/11-%20KARCZMARCZYK,%20P.%20-%20Gadamer,%20aplicacion%20y%20comprension.PDF\" target=\"_blank\" rel=\"noopener\">11- KARCZMARCZYK, P. &#8211; Gadamer, aplicacion y comprension<\/a><\/p>\n<p><img decoding=\"async\" loading=\"lazy\" title=\"\" src=\"https:\/\/ens9004-infd.mendoza.edu.ar\/sitio\/wp-content\/uploads\/2018\/07\/digital1.png\" width=\"30\" height=\"40\" border=\"0\" \/>\u00a0<a href=\"upload\/12-%20SAMAJA,%20J.%20-%20LIBRO%20-%20Epistemologia%20y%20metodologia.pdf\" target=\"_blank\" rel=\"noopener\">12- SAMAJA, J. &#8211; LIBRO &#8211; Epistemologia y metodologia<\/a><\/p>\n<p><a href=\"upload\/13-_CAMEJO_A._-_La_Epistemologia_Constructivista_en_el_Contexto_de_la_Post-Modernidad.pdf\" target=\"_blank\" rel=\"noopener\"><img decoding=\"async\" loading=\"lazy\" title=\"\" src=\"https:\/\/ens9004-infd.mendoza.edu.ar\/sitio\/wp-content\/uploads\/2018\/07\/digital1.png\" width=\"30\" height=\"40\" border=\"0\" \/>\u00a013- CAMEJO, A. &#8211; La Epistemologia Constructivista en el Contexto de la Post-Modernidad<\/a><\/p>\n","protected":false},"excerpt":{"rendered":"<p>1- ADORNO, Theodor W. &#8211; LIBRO &#8211; Epistemologia y ciencias sociales 2- BUNGE Mario &#8211; LIBRO &#8211; La relacion entre la sociologia y la filosofia 3- HABERMAS Jurgen &#8211; LIBRO &#8211; Ciencia y tecnica como ideologia 4- BUNGE Mario &#8211; LIBRO &#8211; Ser, saber, hacer 5- KUHN, T. &#8211; LIBRO &#8211; La estructura de las &#8230; <a title=\"Epistemolog\u00eda\" class=\"read-more\" href=\"https:\/\/ens9004-infd.mendoza.edu.ar\/sitio\/epistemologia\/\" aria-label=\"More on Epistemolog\u00eda\">[+]<\/a><\/p>\n","protected":false},"author":1578,"featured_media":0,"parent":0,"menu_order":0,"comment_status":"closed","ping_status":"closed","template":"","meta":[],"acf":[],"_links":{"self":[{"href":"https:\/\/ens9004-infd.mendoza.edu.ar\/sitio\/wp-json\/wp\/v2\/pages\/2535"}],"collection":[{"href":"https:\/\/ens9004-infd.mendoza.edu.ar\/sitio\/wp-json\/wp\/v2\/pages"}],"about":[{"href":"https:\/\/ens9004-infd.mendoza.edu.ar\/sitio\/wp-json\/wp\/v2\/types\/page"}],"author":[{"embeddable":true,"href":"https:\/\/ens9004-infd.mendoza.edu.ar\/sitio\/wp-json\/wp\/v2\/users\/1578"}],"replies":[{"embeddable":true,"href":"https:\/\/ens9004-infd.mendoza.edu.ar\/sitio\/wp-json\/wp\/v2\/comments?post=2535"}],"version-history":[{"count":3,"href":"https:\/\/ens9004-infd.mendoza.edu.ar\/sitio\/wp-json\/wp\/v2\/pages\/2535\/revisions"}],"predecessor-version":[{"id":5128,"href":"https:\/\/ens9004-infd.mendoza.edu.ar\/sitio\/wp-json\/wp\/v2\/pages\/2535\/revisions\/5128"}],"wp:attachment":[{"href":"https:\/\/ens9004-infd.mendoza.edu.ar\/sitio\/wp-json\/wp\/v2\/media?parent=2535"}],"curies":[{"name":"wp","href":"https:\/\/api.w.org\/{rel}","templated":true}]}}