{"id":2529,"date":"2018-07-02T21:49:37","date_gmt":"2018-07-03T00:49:37","guid":{"rendered":"https:\/\/ens9004-mza.infd.edu.ar\/sitio\/biblioteca-digital-ciencias-sociales\/"},"modified":"2018-08-01T21:39:16","modified_gmt":"2018-08-02T00:39:16","slug":"biblioteca-digital-ciencias-sociales","status":"publish","type":"page","link":"https:\/\/ens9004-infd.mendoza.edu.ar\/sitio\/biblioteca-digital-ciencias-sociales\/","title":{"rendered":"Biblioteca digital Ciencias Sociales"},"content":{"rendered":"<p><img decoding=\"async\" loading=\"lazy\" class=\"\" style=\"border: 0; float: left;\" title=\"\" src=\"https:\/\/ens9004-infd.mendoza.edu.ar\/sitio\/wp-content\/uploads\/2018\/07\/Biblioteca-Virtual.jpg\" width=\"40\" height=\"40\" border=\"0\" \/><a title=\"Biblioteca digital Ciencias Sociales\" href=\"index.cgi?wid_item=125&amp;wid_seccion=27\" target=\"_blank\" rel=\"noopener\">ARQUEOLOG\u00cdA-ANTROPOLOG\u00cdA<\/a><\/p>\n<p><img decoding=\"async\" loading=\"lazy\" style=\"border: 0;\" title=\"\" src=\"https:\/\/ens9004-infd.mendoza.edu.ar\/sitio\/wp-content\/uploads\/2018\/07\/Biblioteca-Virtual.jpg\" width=\"50\" height=\"40\" border=\"0\" \/><a title=\"Biblioteca digital Ciencias Sociales\" href=\"index.cgi?wid_item=126&amp;wid_seccion=27\" target=\"_blank\" rel=\"noopener\">CARTOGRAF\u00cdA<\/a><br \/>\n<img decoding=\"async\" loading=\"lazy\" style=\"border: 0;\" title=\"\" src=\"https:\/\/ens9004-infd.mendoza.edu.ar\/sitio\/wp-content\/uploads\/2018\/07\/Biblioteca-Virtual.jpg\" width=\"50\" height=\"40\" border=\"0\" \/><a title=\"CLIMATOLOGIA-METEOROLOGIA\" href=\"index.cgi?wid_item=127&amp;wid_seccion=27\" target=\"_blank\" rel=\"noopener\">CLIMATOLOG\u00cdA-METEOROLOG\u00cdA<\/a><br \/>\n<img decoding=\"async\" loading=\"lazy\" title=\"\" src=\"https:\/\/ens9004-infd.mendoza.edu.ar\/sitio\/wp-content\/uploads\/2018\/07\/Biblioteca-Virtual.jpg\" width=\"50\" height=\"40\" border=\"0\" \/><a title=\"Didactica-pedagogia\" href=\"index.cgi?wid_item=128&amp;wid_seccion=27\" target=\"_blank\" rel=\"noopener\">DID\u00c1CTICA-PEDAGOG\u00cdA<\/a><br \/>\n<img decoding=\"async\" loading=\"lazy\" title=\"\" src=\"https:\/\/ens9004-infd.mendoza.edu.ar\/sitio\/wp-content\/uploads\/2018\/07\/Biblioteca-Virtual.jpg\" width=\"50\" height=\"40\" border=\"0\" \/><a title=\"Epistemolog\u00eda\" href=\"index.cgi?wid_item=129&amp;wid_seccion=27\" target=\"_blank\" rel=\"noopener\">EPISTEMOLOG\u00cdA<\/a><br \/>\n<img decoding=\"async\" loading=\"lazy\" title=\"\" src=\"https:\/\/ens9004-infd.mendoza.edu.ar\/sitio\/wp-content\/uploads\/2018\/07\/Biblioteca-Virtual.jpg\" width=\"50\" height=\"40\" border=\"0\" \/><a title=\"Geograf\u00eda Econ\u00f3mica\" href=\"index.cgi?wid_item=130&amp;wid_seccion=27\" target=\"_blank\" rel=\"noopener\">GEOGRAF\u00cdA ECON\u00d3MICA<\/a><br \/>\n<img decoding=\"async\" loading=\"lazy\" title=\"\" src=\"https:\/\/ens9004-infd.mendoza.edu.ar\/sitio\/wp-content\/uploads\/2018\/07\/Biblioteca-Virtual.jpg\" width=\"50\" height=\"40\" border=\"0\" \/><a title=\"Geograf\u00eda Pol\u00edtica\" href=\"index.cgi?wid_item=131&amp;wid_seccion=27\" target=\"_blank\" rel=\"noopener\">GEOGRAFIA POLITICA<\/a><br \/>\n<img decoding=\"async\" loading=\"lazy\" title=\"\" src=\"https:\/\/ens9004-infd.mendoza.edu.ar\/sitio\/wp-content\/uploads\/2018\/07\/Biblioteca-Virtual.jpg\" width=\"50\" height=\"40\" border=\"0\" \/><a title=\"Geograf\u00eda urbana rural\" href=\"index.cgi?wid_item=132&amp;wid_seccion=27\" target=\"_blank\" rel=\"noopener\">GEOGRAFIA URBANA-RURAL<\/a><br \/>\n<img decoding=\"async\" loading=\"lazy\" title=\"\" src=\"https:\/\/ens9004-infd.mendoza.edu.ar\/sitio\/wp-content\/uploads\/2018\/07\/Biblioteca-Virtual.jpg\" width=\"50\" height=\"40\" border=\"0\" \/><a title=\"Geolog\u00eda-Goemorfolog\u00eda\" href=\"index.cgi?wid_item=133&amp;wid_seccion=27\" target=\"_blank\" rel=\"noopener\">GEOLOGIA-GEOMORFOLOGIA<\/a><br \/>\n<img decoding=\"async\" loading=\"lazy\" title=\"\" src=\"https:\/\/ens9004-infd.mendoza.edu.ar\/sitio\/wp-content\/uploads\/2018\/07\/Biblioteca-Virtual.jpg\" width=\"50\" height=\"40\" border=\"0\" \/><a title=\"Historia Am\u00e9rica Latina\" href=\"index.cgi?wid_item=134&amp;wid_seccion=27\" target=\"_blank\" rel=\"noopener\">HISTORIA AMERICA LATINA<\/a><br \/>\n<img decoding=\"async\" loading=\"lazy\" title=\"\" src=\"https:\/\/ens9004-infd.mendoza.edu.ar\/sitio\/wp-content\/uploads\/2018\/07\/Biblioteca-Virtual.jpg\" width=\"50\" height=\"40\" border=\"0\" \/><a title=\"Historia Antigua\" href=\"index.cgi?wid_item=135&amp;wid_seccion=27\" target=\"_blank\" rel=\"noopener\">HISTORIA ANTIGUA<\/a><br \/>\n<img decoding=\"async\" loading=\"lazy\" title=\"\" src=\"https:\/\/ens9004-infd.mendoza.edu.ar\/sitio\/wp-content\/uploads\/2018\/07\/Biblioteca-Virtual.jpg\" width=\"50\" height=\"40\" border=\"0\" \/><a title=\"Historia Argentina\" href=\"index.cgi?wid_item=137&amp;wid_seccion=27\" target=\"_blank\" rel=\"noopener\">HISTORIA ARGENTINA<\/a><br \/>\n<img decoding=\"async\" loading=\"lazy\" title=\"\" src=\"https:\/\/ens9004-infd.mendoza.edu.ar\/sitio\/wp-content\/uploads\/2018\/07\/Biblioteca-Virtual.jpg\" width=\"50\" height=\"40\" border=\"0\" \/><a title=\"Historia Contemporanea\" href=\"index.cgi?wid_item=138&amp;wid_seccion=27\" target=\"_blank\" rel=\"noopener\">HISTORIA CONTEMPORANEA<\/a><br \/>\n<img decoding=\"async\" loading=\"lazy\" title=\"\" src=\"https:\/\/ens9004-infd.mendoza.edu.ar\/sitio\/wp-content\/uploads\/2018\/07\/Biblioteca-Virtual.jpg\" width=\"50\" height=\"40\" border=\"0\" \/><a title=\"Historia mediaval\" href=\"index.cgi?wid_item=139&amp;wid_seccion=27\" target=\"_blank\" rel=\"noopener\">HISTORIA MEDIEVAL<\/a><br \/>\n<img decoding=\"async\" loading=\"lazy\" title=\"\" src=\"https:\/\/ens9004-infd.mendoza.edu.ar\/sitio\/wp-content\/uploads\/2018\/07\/Biblioteca-Virtual.jpg\" width=\"50\" height=\"40\" border=\"0\" \/><a title=\"Historia Moderna\" href=\"index.cgi?wid_item=140&amp;wid_seccion=27\" target=\"_blank\" rel=\"noopener\">HISTORIA MODERNA<\/a><br \/>\n<img decoding=\"async\" loading=\"lazy\" title=\"\" src=\"https:\/\/ens9004-infd.mendoza.edu.ar\/sitio\/wp-content\/uploads\/2018\/07\/Biblioteca-Virtual.jpg\" width=\"50\" height=\"40\" border=\"0\" \/><a title=\"Sociolog\u00eda\" href=\"index.cgi?wid_item=141&amp;wid_seccion=27\" target=\"_blank\" rel=\"noopener\">SOCIOLOGIA<\/a><br \/>\n<img decoding=\"async\" loading=\"lazy\" title=\"\" src=\"https:\/\/ens9004-infd.mendoza.edu.ar\/sitio\/wp-content\/uploads\/2018\/07\/Biblioteca-Virtual.jpg\" width=\"50\" height=\"40\" border=\"0\" \/><a title=\"Teor\u00eda Politica\" href=\"index.cgi?wid_item=142&amp;wid_seccion=27\" target=\"_blank\" rel=\"noopener\">TEORIA POLITICA<\/a><br \/>\n<img decoding=\"async\" loading=\"lazy\" title=\"\" src=\"https:\/\/ens9004-infd.mendoza.edu.ar\/sitio\/wp-content\/uploads\/2018\/07\/Biblioteca-Virtual.jpg\" width=\"50\" height=\"40\" border=\"0\" \/>\u00a0<a title=\" NUEVA HISTORIA ARGENTINA\" href=\"index.cgi?wid_item=160&amp;wid_seccion=27\" target=\"_blank\" rel=\"noopener\">NUEVA HISTORIA ARGENTINA<\/a><\/p>\n","protected":false},"excerpt":{"rendered":"<p>ARQUEOLOG\u00cdA-ANTROPOLOG\u00cdA CARTOGRAF\u00cdA CLIMATOLOG\u00cdA-METEOROLOG\u00cdA DID\u00c1CTICA-PEDAGOG\u00cdA EPISTEMOLOG\u00cdA GEOGRAF\u00cdA ECON\u00d3MICA GEOGRAFIA POLITICA GEOGRAFIA URBANA-RURAL GEOLOGIA-GEOMORFOLOGIA HISTORIA AMERICA LATINA HISTORIA ANTIGUA HISTORIA ARGENTINA HISTORIA CONTEMPORANEA HISTORIA MEDIEVAL HISTORIA MODERNA SOCIOLOGIA TEORIA POLITICA \u00a0NUEVA HISTORIA ARGENTINA<\/p>\n","protected":false},"author":1578,"featured_media":0,"parent":0,"menu_order":0,"comment_status":"closed","ping_status":"closed","template":"","meta":[],"acf":[],"_links":{"self":[{"href":"https:\/\/ens9004-infd.mendoza.edu.ar\/sitio\/wp-json\/wp\/v2\/pages\/2529"}],"collection":[{"href":"https:\/\/ens9004-infd.mendoza.edu.ar\/sitio\/wp-json\/wp\/v2\/pages"}],"about":[{"href":"https:\/\/ens9004-infd.mendoza.edu.ar\/sitio\/wp-json\/wp\/v2\/types\/page"}],"author":[{"embeddable":true,"href":"https:\/\/ens9004-infd.mendoza.edu.ar\/sitio\/wp-json\/wp\/v2\/users\/1578"}],"replies":[{"embeddable":true,"href":"https:\/\/ens9004-infd.mendoza.edu.ar\/sitio\/wp-json\/wp\/v2\/comments?post=2529"}],"version-history":[{"count":2,"href":"https:\/\/ens9004-infd.mendoza.edu.ar\/sitio\/wp-json\/wp\/v2\/pages\/2529\/revisions"}],"predecessor-version":[{"id":5154,"href":"https:\/\/ens9004-infd.mendoza.edu.ar\/sitio\/wp-json\/wp\/v2\/pages\/2529\/revisions\/5154"}],"wp:attachment":[{"href":"https:\/\/ens9004-infd.mendoza.edu.ar\/sitio\/wp-json\/wp\/v2\/media?parent=2529"}],"curies":[{"name":"wp","href":"https:\/\/api.w.org\/{rel}","templated":true}]}}