{"id":2449,"date":"2018-07-10T12:11:25","date_gmt":"2018-07-10T15:11:25","guid":{"rendered":"https:\/\/ens9004-mza.infd.edu.ar\/sitio\/?page_id=2449"},"modified":"2024-09-28T09:10:46","modified_gmt":"2024-09-28T12:10:46","slug":"noticias-2","status":"publish","type":"page","link":"https:\/\/ens9004-infd.mendoza.edu.ar\/sitio\/noticias-2\/","title":{"rendered":"Noticias"},"content":{"rendered":"\n<h4 class=\"wp-block-heading\">Novedades Sep\/2024<\/h4>\n\n\n<p>Hacer clic <a href=\"https:\/\/view.genially.com\/66f70831cb53193c9ae74945\/interactive-content-noticias-004-investigacion-09-2024\" target=\"_blank\" rel=\"noopener\"><strong>aqu\u00ed<\/strong><\/a><\/p>\n\n\n<h4 class=\"wp-block-heading\">Proyectos presentados en Convocatoria INVESTIGACI\u00d3N 2024<\/h4>\n\n\n\n<figure class=\"wp-block-embed is-type-video is-provider-youtube wp-block-embed-youtube wp-embed-aspect-16-9 wp-has-aspect-ratio\"><div class=\"wp-block-embed__wrapper\">\n<iframe loading=\"lazy\" title=\"Investigaci\u00f3n 2024 IES Normal T-004 &quot;Toribio de Luzuriaga&quot;\" width=\"1200\" height=\"675\" src=\"https:\/\/www.youtube.com\/embed\/WuqqShkyf0s?feature=oembed\" frameborder=\"0\" allow=\"accelerometer; autoplay; clipboard-write; encrypted-media; gyroscope; picture-in-picture; web-share\" referrerpolicy=\"strict-origin-when-cross-origin\" allowfullscreen><\/iframe>\n<\/div><\/figure>\n\n\n\n<p><\/p>\n\n\n\n<figure class=\"wp-block-image size-full\"><img decoding=\"async\" loading=\"lazy\" width=\"902\" height=\"1547\" src=\"https:\/\/ens9004-infd.mendoza.edu.ar\/sitio\/wp-content\/uploads\/2024\/05\/Convocatoria-2024-05.jpg\" alt=\"\" class=\"wp-image-10206\" srcset=\"https:\/\/ens9004-infd.mendoza.edu.ar\/sitio\/wp-content\/uploads\/2024\/05\/Convocatoria-2024-05.jpg 902w, https:\/\/ens9004-infd.mendoza.edu.ar\/sitio\/wp-content\/uploads\/2024\/05\/Convocatoria-2024-05-583x1000.jpg 583w, https:\/\/ens9004-infd.mendoza.edu.ar\/sitio\/wp-content\/uploads\/2024\/05\/Convocatoria-2024-05-768x1317.jpg 768w, https:\/\/ens9004-infd.mendoza.edu.ar\/sitio\/wp-content\/uploads\/2024\/05\/Convocatoria-2024-05-896x1536.jpg 896w\" sizes=\"(max-width: 902px) 100vw, 902px\" \/><\/figure>\n\n\n\n<figure class=\"wp-block-image size-full\"><img decoding=\"async\" loading=\"lazy\" width=\"900\" height=\"1167\" src=\"https:\/\/ens9004-infd.mendoza.edu.ar\/sitio\/wp-content\/uploads\/2024\/04\/NOTICIAS-2024-04-22-1-1.jpg\" alt=\"\" class=\"wp-image-10159\" srcset=\"https:\/\/ens9004-infd.mendoza.edu.ar\/sitio\/wp-content\/uploads\/2024\/04\/NOTICIAS-2024-04-22-1-1.jpg 900w, https:\/\/ens9004-infd.mendoza.edu.ar\/sitio\/wp-content\/uploads\/2024\/04\/NOTICIAS-2024-04-22-1-1-771x1000.jpg 771w, https:\/\/ens9004-infd.mendoza.edu.ar\/sitio\/wp-content\/uploads\/2024\/04\/NOTICIAS-2024-04-22-1-1-768x996.jpg 768w\" sizes=\"(max-width: 900px) 100vw, 900px\" \/><\/figure>\n\n\n\n<figure class=\"wp-block-video\"><video controls src=\"https:\/\/ens9004-infd.mendoza.edu.ar\/sitio\/wp-content\/uploads\/2024\/04\/Investigacion-Noticias-04-2024.mp4\"><\/video><\/figure>\n\n\n<h1><img decoding=\"async\" loading=\"lazy\" class=\"alignnone  wp-image-6602\" src=\"https:\/\/ens9004-infd.mendoza.edu.ar\/sitio\/wp-content\/uploads\/2019\/08\/2019-05-Ago-Bolet\u00edn.jpg\" alt=\"\" width=\"811\" height=\"456\"><\/h1>\n<h1><\/h1>\n<h1 style=\"text-align: left;\">Convocatoria INVESTIGADORES EVALUADORES Proyectos de Investigaci\u00f3n 2019<\/h1>\n<p><img decoding=\"async\" loading=\"lazy\" class=\"wp-image-6403 alignleft\" src=\"https:\/\/ens9004-infd.mendoza.edu.ar\/sitio\/wp-content\/uploads\/2019\/06\/Covocatoria-evaluadores-junio-2019.jpg\" alt=\"\" width=\"866\" height=\"487\"><\/p>\n<h1><\/h1>\n<h1><\/h1>\n<h1><\/h1>\n<h1><\/h1>\n<h1><\/h1>\n<h1><\/h1>\n<p>&nbsp;<\/p>\n<p>&nbsp;<\/p>\n<p>&nbsp;<\/p>\n<p>&nbsp;<\/p>\n<p>&nbsp;<\/p>\n<p>&nbsp;<\/p>\n<p>&nbsp;<\/p>\n<p>&nbsp;<\/p>\n<p>&nbsp;<\/p>\n<p>&nbsp;<\/p>\n<p>&nbsp;<\/p>\n<hr>\n<h1>AGENDA CONVOCATORIA 2019<\/h1>\n<p><img decoding=\"async\" loading=\"lazy\" class=\"alignnone size-full wp-image-6160\" src=\"https:\/\/ens9004-infd.mendoza.edu.ar\/sitio\/wp-content\/uploads\/2019\/03\/2019-Agenda.jpg\" alt=\"\" width=\"641\" height=\"361\"><\/p>\n<p>Para mayor informaci\u00f3n visitar <a href=\"https:\/\/ens9004-infd.mendoza.edu.ar\/sitio\/formularios\/\"><strong>FORMULARIOS<\/strong><\/a><\/p>\n\n\n<figure class=\"wp-block-image\"><img alt=\"\"\/><\/figure>\n\n\n\n<figure class=\"wp-block-image\"><img alt=\"\"\/><\/figure>\n\n\n\n<figure class=\"wp-block-image\"><img alt=\"\"\/><\/figure>\n\n\n\n<figure class=\"wp-block-image\"><img alt=\"\"\/><\/figure>\n\n\n\n<figure class=\"wp-block-gallery has-nested-images columns-default is-cropped wp-block-gallery-1 is-layout-flex\"><\/figure>\n\n\n\n<figure class=\"wp-block-gallery has-nested-images columns-default is-cropped wp-block-gallery-3 is-layout-flex\"><\/figure>\n\n\n\n<figure class=\"wp-block-gallery has-nested-images columns-default is-cropped wp-block-gallery-5 is-layout-flex\"><\/figure>\n","protected":false},"excerpt":{"rendered":"<p>Novedades Sep\/2024 Hacer clic aqu\u00ed Proyectos presentados en Convocatoria INVESTIGACI\u00d3N 2024 Convocatoria INVESTIGADORES EVALUADORES Proyectos de Investigaci\u00f3n 2019 &nbsp; &nbsp; &nbsp; &nbsp; &nbsp; &nbsp; &nbsp; &nbsp; &nbsp; &nbsp; &nbsp; AGENDA CONVOCATORIA 2019 Para mayor informaci\u00f3n visitar FORMULARIOS<\/p>\n","protected":false},"author":1578,"featured_media":0,"parent":0,"menu_order":0,"comment_status":"closed","ping_status":"closed","template":"","meta":[],"acf":[],"_links":{"self":[{"href":"https:\/\/ens9004-infd.mendoza.edu.ar\/sitio\/wp-json\/wp\/v2\/pages\/2449"}],"collection":[{"href":"https:\/\/ens9004-infd.mendoza.edu.ar\/sitio\/wp-json\/wp\/v2\/pages"}],"about":[{"href":"https:\/\/ens9004-infd.mendoza.edu.ar\/sitio\/wp-json\/wp\/v2\/types\/page"}],"author":[{"embeddable":true,"href":"https:\/\/ens9004-infd.mendoza.edu.ar\/sitio\/wp-json\/wp\/v2\/users\/1578"}],"replies":[{"embeddable":true,"href":"https:\/\/ens9004-infd.mendoza.edu.ar\/sitio\/wp-json\/wp\/v2\/comments?post=2449"}],"version-history":[{"count":18,"href":"https:\/\/ens9004-infd.mendoza.edu.ar\/sitio\/wp-json\/wp\/v2\/pages\/2449\/revisions"}],"predecessor-version":[{"id":10756,"href":"https:\/\/ens9004-infd.mendoza.edu.ar\/sitio\/wp-json\/wp\/v2\/pages\/2449\/revisions\/10756"}],"wp:attachment":[{"href":"https:\/\/ens9004-infd.mendoza.edu.ar\/sitio\/wp-json\/wp\/v2\/media?parent=2449"}],"curies":[{"name":"wp","href":"https:\/\/api.w.org\/{rel}","templated":true}]}}