{"id":2419,"date":"2018-07-10T12:11:25","date_gmt":"2018-07-10T15:11:25","guid":{"rendered":"https:\/\/ens9004-mza.infd.edu.ar\/sitio\/?page_id=2419"},"modified":"2018-07-17T20:45:57","modified_gmt":"2018-07-17T23:45:57","slug":"plan-de-estudios-3","status":"publish","type":"page","link":"https:\/\/ens9004-infd.mendoza.edu.ar\/sitio\/plan-de-estudios-3\/","title":{"rendered":"Plan de estudios"},"content":{"rendered":"<p>&nbsp;<\/p>\n<table style=\"width: 600px; height: 320px;\" border=\"1\" cellspacing=\"0\" cellpadding=\"0\" align=\"center\">\n<tbody>\n<tr>\n<td style=\"text-align: center; background-color: #cd84df; width: 150px;\" colspan=\"2\" valign=\"top\"><span style=\"font-family: arial, helvetica, sans-serif; font-size: 8pt;\"><strong>PRIMER A\u00d1O<\/strong><\/span><\/td>\n<td style=\"text-align: center; background-color: #cd84df; width: 150px;\" colspan=\"2\" valign=\"top\"><span style=\"font-family: arial, helvetica, sans-serif; font-size: 8pt;\"><strong>SEGUNDO A\u00d1O<\/strong><\/span><\/td>\n<td style=\"text-align: center; background-color: #cd84df; width: 150px;\" colspan=\"2\" valign=\"top\"><span style=\"font-family: arial, helvetica, sans-serif; font-size: 8pt;\"><strong>TERCER A\u00d1O<\/strong><\/span><\/td>\n<td style=\"text-align: center; background-color: #cd84df; width: 150px;\" colspan=\"2\" valign=\"top\"><span style=\"font-family: arial, helvetica, sans-serif; font-size: 8pt;\"><strong>CUARTO A\u00d1O<\/strong><\/span><\/td>\n<\/tr>\n<tr>\n<td style=\"text-align: center; background-color: #cd84df; width: 139px;\"><span style=\"font-family: arial, helvetica, sans-serif; font-size: 8pt;\"><strong>1er.Cuatrimestre<\/strong><\/span><\/td>\n<td style=\"text-align: center; background-color: #cd84df; width: 139px;\"><span style=\"font-family: arial, helvetica, sans-serif; font-size: 8pt;\"><strong>2do.Cuatrimestre<\/strong><\/span><\/td>\n<td style=\"text-align: center; background-color: #cd84df; width: 139px;\"><span style=\"font-family: arial, helvetica, sans-serif; font-size: 8pt;\"><strong>1er.Cuatrimestre<\/strong><\/span><\/td>\n<td style=\"text-align: center; background-color: #cd84df; width: 139px;\"><span style=\"font-family: arial, helvetica, sans-serif; font-size: 8pt;\"><strong>2do.Cuatrimestre<\/strong><\/span><\/td>\n<td style=\"text-align: center; background-color: #cd84df; width: 139px;\"><span style=\"font-family: arial, helvetica, sans-serif; font-size: 8pt;\"><strong>1er.Cuatrimestre<\/strong><\/span><\/td>\n<td style=\"text-align: center; background-color: #cd84df; width: 139px;\"><span style=\"font-family: arial, helvetica, sans-serif; font-size: 8pt;\"><strong>2do.Cuatrimestre<\/strong><\/span><\/td>\n<td style=\"text-align: center; background-color: #cd84df; width: 139px;\"><span style=\"font-family: arial, helvetica, sans-serif; font-size: 8pt;\"><strong>1er.Cuatrimestre<\/strong><\/span><\/td>\n<td style=\"text-align: center; background-color: #cd84df; width: 139px;\"><span style=\"font-family: arial, helvetica, sans-serif; font-size: 8pt;\"><strong>2do.Cuatrimestre<\/strong><\/span><\/td>\n<\/tr>\n<tr>\n<td style=\"background-color: #ffa07a; text-align: center;\" colspan=\"2\"><span style=\"font-family: arial, helvetica, sans-serif; font-size: 8pt;\">GEOGRAF\u00cdA DE LOS SISTEMAS AMBIENTALES<\/span><\/td>\n<td style=\"background-color: #ffa07a; text-align: center;\"><span style=\"font-family: arial, helvetica, sans-serif; font-size: 8pt;\">APROPIACI\u00d3N DE LOS RECURSOSNATURALES\u00a0<\/span><\/td>\n<td style=\"background-color: #ffa07a; text-align: center;\"><span style=\"font-family: arial, helvetica, sans-serif; font-size: 8pt;\">PROBLEM\u00c1TICA\u00a0 AMBIENTAL\u00a0<\/span><\/td>\n<td style=\"background-color: #ffa07a; text-align: center;\" colspan=\"2\"><span style=\"font-family: arial, helvetica, sans-serif; font-size: 8pt;\">EPISTEMOLOG\u00cdA DE LA GEOGRAF\u00cdA<\/span><\/td>\n<td style=\"background-color: #ffa07a; text-align: center;\" colspan=\"2\"><span style=\"font-family: arial, helvetica, sans-serif; font-size: 8pt;\">EDUCACI\u00d3N AMBIENTAL<\/span><\/td>\n<\/tr>\n<tr>\n<td style=\"background-color: #ffa07a; text-align: center;\" colspan=\"2\"><span style=\"font-family: arial, helvetica, sans-serif; font-size: 8pt;\">GEOGRAF\u00cdA DE MENDOZA<\/span><\/td>\n<td style=\"background-color: #ffa07a; text-align: center;\" colspan=\"2\"><span style=\"font-family: arial, helvetica, sans-serif; font-size: 8pt;\">GEOGRAF\u00cdA DE ARGENTINA<\/span><\/td>\n<td style=\"background-color: #ffa07a; text-align: center;\" colspan=\"2\"><span style=\"font-family: arial, helvetica, sans-serif; font-size: 8pt;\">GEOGRAF\u00cdA AM\u00c9RICA LATINA<\/span><\/td>\n<td style=\"background-color: #ffa07a; text-align: center;\" colspan=\"2\"><span style=\"font-family: arial, helvetica, sans-serif; font-size: 8pt;\">GEOPOL\u00cdTICA DE LOS ESPACIOS\u00a0 MUNDIALES<\/span><\/td>\n<\/tr>\n<tr>\n<td style=\"background-color: #ffa07a; text-align: center;\" colspan=\"2\"><span style=\"font-family: arial, helvetica, sans-serif; font-size: 8pt;\">T\u00c9C. DE TRAB. EN GEOG. I<\/span><\/td>\n<td style=\"background-color: #ffa07a;\" colspan=\"2\"><span style=\"font-family: arial, helvetica, sans-serif; font-size: 8pt;\">T\u00c9C. DE TRABAJO EN GEOGRAF\u00cdA II<\/span><\/td>\n<td style=\"background-color: #ffa07a; text-align: center;\"><span style=\"font-family: arial, helvetica, sans-serif; font-size: 8pt;\">TICS APLIC. A LA ENSE\u00d1. DE LAGEOGRAF\u00cdA<\/span><\/td>\n<td style=\"background-color: #ffa07a; text-align: center;\"><span style=\"font-family: arial, helvetica, sans-serif; font-size: 8pt;\">UDI: CFE:<\/span><\/td>\n<td style=\"background-color: #ffa07a; text-align: center;\" colspan=\"2\"><span style=\"font-family: arial, helvetica, sans-serif; font-size: 8pt;\">INVESTIGACI\u00d3N GEOGR\u00c1FICA<\/span><\/td>\n<\/tr>\n<tr>\n<td style=\"background-color: #ffa07a; text-align: center;\" colspan=\"2\"><span style=\"font-family: arial, helvetica, sans-serif; font-size: 8pt;\">GEOGRAF\u00cdA DE LA POBLACI\u00d3N<\/span><\/td>\n<td style=\"background-color: #ffa07a; text-align: center;\"><span style=\"font-family: arial, helvetica, sans-serif; font-size: 8pt;\">HISTORIA POL.,SOC., ECON. TCULTURAL DE ARG.<\/span><\/td>\n<td style=\"background-color: #ffa07a; text-align: center;\"><span style=\"font-family: arial, helvetica, sans-serif; font-size: 8pt;\">ECONOM\u00cdA,ESTADO YTERRITORIO<\/span><\/td>\n<td style=\"background-color: #ffa07a; text-align: center;\" colspan=\"2\"><span style=\"font-family: arial, helvetica, sans-serif; font-size: 8pt;\">GEOGRAF\u00cdA DE LA MUNDIALIZACI\u00d3N<\/span><\/td>\n<td style=\"background-color: #ffa07a; text-align: center;\" colspan=\"2\"><span style=\"font-family: arial, helvetica, sans-serif; font-size: 8pt;\">DID\u00c1CTICA DE LA GEOGRAF\u00cdA II<\/span><\/td>\n<\/tr>\n<tr>\n<td style=\"background-color: #90ee90; text-align: center;\"><span style=\"font-family: arial, helvetica, sans-serif; font-size: 8pt;\">TECNOLOG\u00cdA DE LA COMUC. INFORMACI\u00d3N<\/span><\/td>\n<td style=\"background-color: #ffa07a; text-align: center;\" rowspan=\"2\"><span style=\"font-family: arial, helvetica, sans-serif; font-size: 8pt;\">SOCIEDAD, CULTURA YTERRITORIO<\/span><\/td>\n<td style=\"background-color: #ffa07a; text-align: center;\" rowspan=\"2\"><span style=\"font-family: arial, helvetica, sans-serif; font-size: 8pt;\">UDI: CFE:<\/span><\/td>\n<td style=\"background-color: #ffa07a; text-align: center;\" rowspan=\"2\"><span style=\"font-family: arial, helvetica, sans-serif; font-size: 8pt;\">SUJETOS DE LAEDUCACI\u00d3N<\/span><\/td>\n<td style=\"background-color: #ffa07a; text-align: center;\"><span style=\"font-family: arial, helvetica, sans-serif; font-size: 8pt;\">GEOGRAF\u00cdA DE LOS ESPACIOSURBANOS<\/span><\/td>\n<td style=\"background-color: #ffa07a; text-align: center;\"><span style=\"font-family: arial, helvetica, sans-serif; font-size: 8pt;\">GEOGRAF\u00cdA DE LOS ESPACIOS RURALES<\/span><\/td>\n<td style=\"text-align: center; background-color: #ffa07a;\" align=\"center\"><span style=\"font-family: arial, helvetica, sans-serif; font-size: 8pt;\">UDI: CFE:<\/span><\/td>\n<td style=\"background-color: #90ee90; width: 118px;\" rowspan=\"2\"><span style=\"font-family: arial, helvetica, sans-serif; font-size: 8pt;\">UDI: CFG<\/span><\/td>\n<\/tr>\n<tr>\n<td style=\"background-color: #90ee90; text-align: center;\"><span style=\"font-family: arial, helvetica, sans-serif; font-size: 8pt;\">PEDAGOG\u00cdA<\/span><\/td>\n<td style=\"background-color: #ffa07a; text-align: center;\" colspan=\"2\"><span style=\"font-family: arial, helvetica, sans-serif; font-size: 8pt;\">DID\u00c1CTICA DE LA GEOGRAF\u00cdA I<\/span><\/td>\n<td style=\"text-align: center; background-color: #90ee90; width: 116px;\"><span style=\"font-family: arial, helvetica, sans-serif; font-size: 8pt;\">UDI: CFG<\/span><\/td>\n<\/tr>\n<tr>\n<td style=\"text-align: center; background-color: #90ee90; width: 139px;\" align=\"center\"><span style=\"font-family: arial, helvetica, sans-serif; font-size: 8pt;\">PROMOCI\u00d3N DE LASALUD<\/span><\/td>\n<td style=\"text-align: center; background-color: #90ee90; width: 139px;\" align=\"center\"><span style=\"font-family: arial, helvetica, sans-serif; font-size: 8pt;\">DID\u00c1CTICA GENERAL<\/span><\/td>\n<td style=\"text-align: center; background-color: #90ee90; width: 139px;\" align=\"center\"><span style=\"font-family: arial, helvetica, sans-serif; font-size: 8pt;\">PSICOLOG\u00cdA EDUCACIONAL<\/span><\/td>\n<td style=\"text-align: center; background-color: #90ee90; width: 139px;\" align=\"center\"><span style=\"font-family: arial, helvetica, sans-serif; font-size: 8pt;\">FILOSOF\u00cdA<\/span><\/td>\n<td style=\"text-align: center; background-color: #90ee90; width: 139px;\" rowspan=\"2\" align=\"center\"><span style=\"font-family: arial, helvetica, sans-serif; font-size: 8pt;\">SOC., ECON. Y CULTURAL DEAM\u00c9RICA LAT.<\/span><\/td>\n<td style=\"text-align: center; background-color: #90ee90; width: 139px;\" rowspan=\"2\" align=\"center\"><span style=\"font-family: arial, helvetica, sans-serif; font-size: 8pt;\">SOCIOLOG\u00cdA DELA EDUCACI\u00d3N<\/span><\/td>\n<td style=\"text-align: center; background-color: #ffd700; width: 139px;\" colspan=\"2\" rowspan=\"3\" align=\"center\"><span style=\"font-family: arial, helvetica, sans-serif; font-size: 8pt;\"><strong>\u00a0<\/strong>PR\u00c1CTICA PROFESIONAL<\/span><\/td>\n<\/tr>\n<tr>\n<td style=\"text-align: center; background-color: #90ee90; width: 150px;\" colspan=\"2\"><span style=\"font-family: arial, helvetica, sans-serif; font-size: 8pt;\">PR\u00c1CTICA DE LECTURA, ESCRITURA YORALIDAD<\/span><\/td>\n<td style=\"text-align: center; background-color: #90ee90; width: 163px;\"><span style=\"font-family: arial, helvetica, sans-serif; font-size: 8pt;\">HISTORIA Y POL. DE LAEDUCACI\u00d3N ARG.<\/span><\/td>\n<td style=\"text-align: center; background-color: #90ee90; width: 168px;\"><span style=\"font-family: arial, helvetica, sans-serif; font-size: 8pt;\">INSTITUCIONES\u00a0 EDUCATIVAS<\/span><\/td>\n<\/tr>\n<tr>\n<td style=\"background-color: #ffd700; width: 150px; text-align: center;\" colspan=\"2\"><span style=\"font-family: arial, helvetica, sans-serif; font-size: 8pt;\">PR\u00c1CTICA PROFESIONAL DOCENTE<\/span><\/td>\n<td style=\"background-color: #ffd700; width: 150px; text-align: center;\" colspan=\"2\"><span style=\"font-family: arial, helvetica, sans-serif; font-size: 8pt;\">PR\u00c1CTICA PROFESIONAL DOCENTE<\/span><\/td>\n<td style=\"background-color: #ffd700; width: 150px; text-align: center;\" colspan=\"2\"><span style=\"font-family: arial, helvetica, sans-serif; font-size: 8pt;\">PR\u00c1CTICA PROFESIONAL DOCENTE<\/span><\/td>\n<\/tr>\n<tr>\n<td style=\"text-align: center; background-color: #d8bfd8; width: 150px;\" colspan=\"2\"><span style=\"font-family: arial, helvetica, sans-serif; font-size: 8pt;\">UDI: ELECTIVAS<\/span><\/td>\n<td style=\"text-align: center; background-color: #d8bfd8; width: 150px;\" colspan=\"2\"><span style=\"font-family: arial, helvetica, sans-serif; font-size: 8pt;\">UDI: ELECTIVAS<\/span><\/td>\n<td style=\"text-align: center; background-color: #d8bfd8; width: 150px;\" colspan=\"2\"><span style=\"font-family: arial, helvetica, sans-serif; font-size: 8pt;\">UDI: ELECTIVAS<\/span><\/td>\n<td style=\"text-align: center; background-color: #d8bfd8; width: 150px;\" colspan=\"2\"><span style=\"font-family: arial, helvetica, sans-serif; font-size: 8pt;\">UDI: ELECTIVAS<\/span><\/td>\n<\/tr>\n<\/tbody>\n<\/table>\n<p>&nbsp;<\/p>\n<p>&nbsp;<\/p>\n<table style=\"width: 519px; height: 128px;\" border=\"0\" align=\"center\">\n<tbody>\n<tr>\n<td><span style=\"font-family: arial, helvetica, sans-serif; font-size: 8pt;\">CFG<\/span><\/td>\n<td style=\"background-color: #ffa07a;\"><span style=\"font-family: arial, helvetica, sans-serif; font-size: 8pt;\">Campo de la Formaci\u00f3n \u00a0General<\/span><\/td>\n<td><span style=\"font-family: arial, helvetica, sans-serif; font-size: 8pt;\">CFE<\/span><\/td>\n<td style=\"background-color: #90ee90;\"><span style=\"font-family: arial, helvetica, sans-serif; font-size: 8pt;\">Campo de la Formaci\u00f3n\u00a0 Espec\u00edfica<\/span><\/td>\n<td><span style=\"font-family: arial, helvetica, sans-serif; font-size: 8pt;\">CFPPD<\/span><\/td>\n<td style=\"background-color: #ffd700;\"><span style=\"font-family: arial, helvetica, sans-serif; font-size: 8pt;\">Campo de Formaci\u00f3n en laPr\u00e1ctica Profesional Docente<\/span><\/td>\n<\/tr>\n<\/tbody>\n<\/table>\n","protected":false},"excerpt":{"rendered":"<p>&nbsp; PRIMER A\u00d1O SEGUNDO A\u00d1O TERCER A\u00d1O CUARTO A\u00d1O 1er.Cuatrimestre 2do.Cuatrimestre 1er.Cuatrimestre 2do.Cuatrimestre 1er.Cuatrimestre 2do.Cuatrimestre 1er.Cuatrimestre 2do.Cuatrimestre GEOGRAF\u00cdA DE LOS SISTEMAS AMBIENTALES APROPIACI\u00d3N DE LOS RECURSOSNATURALES\u00a0 PROBLEM\u00c1TICA\u00a0 AMBIENTAL\u00a0 EPISTEMOLOG\u00cdA DE LA GEOGRAF\u00cdA EDUCACI\u00d3N AMBIENTAL GEOGRAF\u00cdA DE MENDOZA GEOGRAF\u00cdA DE ARGENTINA GEOGRAF\u00cdA AM\u00c9RICA LATINA GEOPOL\u00cdTICA DE LOS ESPACIOS\u00a0 MUNDIALES T\u00c9C. DE TRAB. EN GEOG. I T\u00c9C. &#8230; <a title=\"Plan de estudios\" class=\"read-more\" href=\"https:\/\/ens9004-infd.mendoza.edu.ar\/sitio\/plan-de-estudios-3\/\" aria-label=\"More on Plan de estudios\">[+]<\/a><\/p>\n","protected":false},"author":1578,"featured_media":0,"parent":0,"menu_order":0,"comment_status":"closed","ping_status":"closed","template":"","meta":[],"acf":[],"_links":{"self":[{"href":"https:\/\/ens9004-infd.mendoza.edu.ar\/sitio\/wp-json\/wp\/v2\/pages\/2419"}],"collection":[{"href":"https:\/\/ens9004-infd.mendoza.edu.ar\/sitio\/wp-json\/wp\/v2\/pages"}],"about":[{"href":"https:\/\/ens9004-infd.mendoza.edu.ar\/sitio\/wp-json\/wp\/v2\/types\/page"}],"author":[{"embeddable":true,"href":"https:\/\/ens9004-infd.mendoza.edu.ar\/sitio\/wp-json\/wp\/v2\/users\/1578"}],"replies":[{"embeddable":true,"href":"https:\/\/ens9004-infd.mendoza.edu.ar\/sitio\/wp-json\/wp\/v2\/comments?post=2419"}],"version-history":[{"count":8,"href":"https:\/\/ens9004-infd.mendoza.edu.ar\/sitio\/wp-json\/wp\/v2\/pages\/2419\/revisions"}],"predecessor-version":[{"id":4967,"href":"https:\/\/ens9004-infd.mendoza.edu.ar\/sitio\/wp-json\/wp\/v2\/pages\/2419\/revisions\/4967"}],"wp:attachment":[{"href":"https:\/\/ens9004-infd.mendoza.edu.ar\/sitio\/wp-json\/wp\/v2\/media?parent=2419"}],"curies":[{"name":"wp","href":"https:\/\/api.w.org\/{rel}","templated":true}]}}