{"id":2390,"date":"2018-07-02T21:48:29","date_gmt":"2018-07-03T00:48:29","guid":{"rendered":"https:\/\/ens9004-mza.infd.edu.ar\/sitio\/jefatura-de-formacion-inicial\/"},"modified":"2024-11-29T18:22:38","modified_gmt":"2024-11-29T21:22:38","slug":"jefatura-de-formacion-inicial","status":"publish","type":"page","link":"https:\/\/ens9004-infd.mendoza.edu.ar\/sitio\/jefatura-de-formacion-inicial\/","title":{"rendered":"Jefatura de Formaci\u00f3n Inicial"},"content":{"rendered":"<p><strong><u>L\u00edneas de acci\u00f3n :<\/u><\/strong><\/p>\n<p><img decoding=\"async\" loading=\"lazy\" class=\"size-full wp-image-5190 aligncenter\" src=\"https:\/\/ens9004-infd.mendoza.edu.ar\/sitio\/wp-content\/uploads\/2018\/08\/Lineas-de-accion-jefatura.jpg\" alt=\"\" width=\"588\" height=\"421\" \/><\/p>\n","protected":false},"excerpt":{"rendered":"<p>L\u00edneas de acci\u00f3n :<\/p>\n","protected":false},"author":1578,"featured_media":0,"parent":0,"menu_order":0,"comment_status":"closed","ping_status":"closed","template":"","meta":[],"acf":[],"_links":{"self":[{"href":"https:\/\/ens9004-infd.mendoza.edu.ar\/sitio\/wp-json\/wp\/v2\/pages\/2390"}],"collection":[{"href":"https:\/\/ens9004-infd.mendoza.edu.ar\/sitio\/wp-json\/wp\/v2\/pages"}],"about":[{"href":"https:\/\/ens9004-infd.mendoza.edu.ar\/sitio\/wp-json\/wp\/v2\/types\/page"}],"author":[{"embeddable":true,"href":"https:\/\/ens9004-infd.mendoza.edu.ar\/sitio\/wp-json\/wp\/v2\/users\/1578"}],"replies":[{"embeddable":true,"href":"https:\/\/ens9004-infd.mendoza.edu.ar\/sitio\/wp-json\/wp\/v2\/comments?post=2390"}],"version-history":[{"count":5,"href":"https:\/\/ens9004-infd.mendoza.edu.ar\/sitio\/wp-json\/wp\/v2\/pages\/2390\/revisions"}],"predecessor-version":[{"id":10909,"href":"https:\/\/ens9004-infd.mendoza.edu.ar\/sitio\/wp-json\/wp\/v2\/pages\/2390\/revisions\/10909"}],"wp:attachment":[{"href":"https:\/\/ens9004-infd.mendoza.edu.ar\/sitio\/wp-json\/wp\/v2\/media?parent=2390"}],"curies":[{"name":"wp","href":"https:\/\/api.w.org\/{rel}","templated":true}]}}