{"id":11297,"date":"2025-08-20T18:43:41","date_gmt":"2025-08-20T21:43:41","guid":{"rendered":"https:\/\/ens9004-infd.mendoza.edu.ar\/sitio\/?page_id=11297"},"modified":"2025-08-21T13:22:05","modified_gmt":"2025-08-21T16:22:05","slug":"tecnicatura-superior-en-acompanamiento-terapeutico","status":"publish","type":"page","link":"https:\/\/ens9004-infd.mendoza.edu.ar\/sitio\/tecnicatura-superior-en-acompanamiento-terapeutico\/","title":{"rendered":"Tecnicatura Superior en Acompa\u00f1amiento Terap\u00e9utico"},"content":{"rendered":"\n<p><strong>T\u00edtulo a otorgar:<\/strong> <em>T\u00e9cnico Superior en Acompa\u00f1amiento Terap\u00e9utico<\/em> .<br><strong>Carga horaria total:<\/strong> Carga horaria total: 2600 horas reloj (3466 horas c\u00e1tedra)<\/p>\n\n\n\n<figure class=\"wp-block-image size-full is-resized\"><img decoding=\"async\" loading=\"lazy\" src=\"https:\/\/ens9004-infd.mendoza.edu.ar\/sitio\/wp-content\/uploads\/2025\/08\/IES-NORMAL-AT-programa.jpg\" alt=\"Programa tecnicatura acompa\u00f1amiento terap\u00e9utico\" class=\"wp-image-11318\" width=\"746\" height=\"531\" srcset=\"https:\/\/ens9004-infd.mendoza.edu.ar\/sitio\/wp-content\/uploads\/2025\/08\/IES-NORMAL-AT-programa.jpg 995w, https:\/\/ens9004-infd.mendoza.edu.ar\/sitio\/wp-content\/uploads\/2025\/08\/IES-NORMAL-AT-programa-768x546.jpg 768w\" sizes=\"(max-width: 746px) 100vw, 746px\" \/><\/figure>\n\n\n\n<p><strong>Objetivos de la Tecnicatura<\/strong><\/p>\n\n\n\n<ul>\n<li>Formar profesionales capaces de acompa\u00f1ar a personas en diferentes etapas y situaciones de su vida.<\/li>\n\n\n\n<li>Preparar para trabajar en equipo con otros profesionales de la salud y la educaci\u00f3n.<\/li>\n\n\n\n<li>Promover el respeto, la inclusi\u00f3n y los derechos de cada persona acompa\u00f1ada.<\/li>\n\n\n\n<li>Desarrollar habilidades para favorecer la autonom\u00eda, el bienestar y la participaci\u00f3n social.<\/li>\n<\/ul>\n\n\n\n<p><strong>Perfil del Egresado<\/strong><\/p>\n\n\n\n<p>El\/la egresado\/a de la Tecnicatura Superior en Acompa\u00f1amiento Terap\u00e9utico estar\u00e1 capacitado\/a para:<\/p>\n\n\n\n<ul>\n<li>Favorecer la autonom\u00eda de la persona acompa\u00f1ada, promoviendo su vida independiente y la toma de decisiones.<\/li>\n\n\n\n<li>Facilitar la inclusi\u00f3n social y educativa, colaborando en la superaci\u00f3n de barreras y en la construcci\u00f3n de v\u00ednculos significativos.<\/li>\n\n\n\n<li>Promover el bienestar integral de la persona acompa\u00f1ada, considerando sus dimensiones emocionales, sociales y comunitarias.&nbsp;<\/li>\n\n\n\n<li>Garantizar el respeto a los derechos y la dignidad de las personas, desarrollando su pr\u00e1ctica bajo un marco \u00e9tico y con enfoque de derechos humanos.<\/li>\n\n\n\n<li>Integrarse a equipos interdisciplinarios, aportando a la planificaci\u00f3n, ejecuci\u00f3n y evaluaci\u00f3n de estrategias de acompa\u00f1amiento en diversos contextos.<\/li>\n<\/ul>\n\n\n\n<p><strong>Documentaci\u00f3n requerida para la inscripci\u00f3n<\/strong><\/p>\n\n\n\n<ul>\n<li>Fotocopia del Documento Nacional de Identidad<\/li>\n\n\n\n<li>Fotocopia legalizada del certificado de estudios secundarios completos (o constancia de t\u00edtulo en tr\u00e1mite)<\/li>\n\n\n\n<li>Partida de nacimiento<\/li>\n\n\n\n<li>Certificado de aptitud psicof\u00edsica<br><\/li>\n<\/ul>\n\n\n\n<p><em>&nbsp;La instituci\u00f3n podr\u00e1 solicitar otros requisitos administrativos complementarios, de acuerdo con la normativa vigente.<\/em><\/p>\n","protected":false},"excerpt":{"rendered":"<p>T\u00edtulo a otorgar: T\u00e9cnico Superior en Acompa\u00f1amiento Terap\u00e9utico .Carga horaria total: Carga horaria total: 2600 horas reloj (3466 horas c\u00e1tedra) Objetivos de la Tecnicatura Perfil del Egresado El\/la egresado\/a de la Tecnicatura Superior en Acompa\u00f1amiento Terap\u00e9utico estar\u00e1 capacitado\/a para: Documentaci\u00f3n requerida para la inscripci\u00f3n &nbsp;La instituci\u00f3n podr\u00e1 solicitar otros requisitos administrativos complementarios, de acuerdo con &#8230; <a title=\"Tecnicatura Superior en Acompa\u00f1amiento Terap\u00e9utico\" class=\"read-more\" href=\"https:\/\/ens9004-infd.mendoza.edu.ar\/sitio\/tecnicatura-superior-en-acompanamiento-terapeutico\/\" aria-label=\"More on Tecnicatura Superior en Acompa\u00f1amiento Terap\u00e9utico\">[+]<\/a><\/p>\n","protected":false},"author":2001,"featured_media":11314,"parent":0,"menu_order":0,"comment_status":"closed","ping_status":"closed","template":"","meta":[],"acf":[],"_links":{"self":[{"href":"https:\/\/ens9004-infd.mendoza.edu.ar\/sitio\/wp-json\/wp\/v2\/pages\/11297"}],"collection":[{"href":"https:\/\/ens9004-infd.mendoza.edu.ar\/sitio\/wp-json\/wp\/v2\/pages"}],"about":[{"href":"https:\/\/ens9004-infd.mendoza.edu.ar\/sitio\/wp-json\/wp\/v2\/types\/page"}],"author":[{"embeddable":true,"href":"https:\/\/ens9004-infd.mendoza.edu.ar\/sitio\/wp-json\/wp\/v2\/users\/2001"}],"replies":[{"embeddable":true,"href":"https:\/\/ens9004-infd.mendoza.edu.ar\/sitio\/wp-json\/wp\/v2\/comments?post=11297"}],"version-history":[{"count":2,"href":"https:\/\/ens9004-infd.mendoza.edu.ar\/sitio\/wp-json\/wp\/v2\/pages\/11297\/revisions"}],"predecessor-version":[{"id":11319,"href":"https:\/\/ens9004-infd.mendoza.edu.ar\/sitio\/wp-json\/wp\/v2\/pages\/11297\/revisions\/11319"}],"wp:featuredmedia":[{"embeddable":true,"href":"https:\/\/ens9004-infd.mendoza.edu.ar\/sitio\/wp-json\/wp\/v2\/media\/11314"}],"wp:attachment":[{"href":"https:\/\/ens9004-infd.mendoza.edu.ar\/sitio\/wp-json\/wp\/v2\/media?parent=11297"}],"curies":[{"name":"wp","href":"https:\/\/api.w.org\/{rel}","templated":true}]}}