{"id":11024,"date":"2025-04-21T23:37:08","date_gmt":"2025-04-22T02:37:08","guid":{"rendered":"https:\/\/ens9004-infd.mendoza.edu.ar\/sitio\/?page_id=11024"},"modified":"2025-04-22T16:42:08","modified_gmt":"2025-04-22T19:42:08","slug":"plan-de-terminalidad","status":"publish","type":"page","link":"https:\/\/ens9004-infd.mendoza.edu.ar\/sitio\/plan-de-terminalidad\/","title":{"rendered":"Plan de terminalidad"},"content":{"rendered":"\n<p class=\"has-text-align-center\"><strong>PROCEDIMIENTO PARA TRAMITAR EL PLAN DE TERMINALIDAD<\/strong><\/p>\n\n\n\n<ol class=\"has-base-3-color has-vivid-cyan-blue-to-vivid-purple-gradient-background has-text-color has-background\">\n<li class=\"has-medium-font-size\" style=\"font-style:normal;font-weight:500\"><strong>\u00bfQu\u00e9 es un plan de terminalidad?<\/strong><\/li>\n<\/ol>\n\n\n\n<p>El plan de terminalidad es una estrategia de acompa\u00f1amiento que te propone la instituci\u00f3n para acompa\u00f1ar tu egreso efectivo. Tiene como prop\u00f3sito brindar al\/la estudiante que haya agotado el tiempo m\u00e1ximo para la finalizaci\u00f3n de la carrera una opci\u00f3n para concluir la misma. &nbsp;El mismo establece un cronograma de estudio y mesas de ex\u00e1menes. Se les podr\u00e1 extender hasta dos a\u00f1os el plazo de finalizaci\u00f3n de la carrera, es decir hasta marzo del 2027, ad refer\u00e9ndum de la Direcci\u00f3n de Educaci\u00f3n Superior.&nbsp;<\/p>\n\n\n\n<p>Seg\u00fan&nbsp; consta en el Art\u00edculo 89 del RAM, la cantidad m\u00e1xima de a\u00f1os para concluir los estudios se estipula en el doble de a\u00f1os que determine el plan de estudios, m\u00e1s dos a\u00f1os, con pedido de nota y evaluaci\u00f3n del consejo acad\u00e9mico. Por este motivo se implementa el plan de terminalidad para aquellos estudiantes que adeudan espacios y han superado el doble de a\u00f1o que determina el plan de estudios. Esta propuesta requiere del compromiso del estudiante y el cumplimiento del mismo. Pod\u00e9s consultar aqu\u00ed la <a href=\"https:\/\/drive.google.com\/file\/d\/1Cv2mQPON7ROM_4cLE1rOTYj3kb4Cy_P5\/view?usp=drive_link\">resoluci\u00f3n<\/a> institucional que regula este plan.&nbsp;&nbsp;<\/p>\n\n\n\n<ol start=\"2\" class=\"has-base-3-color has-vivid-cyan-blue-to-vivid-purple-gradient-background has-text-color has-background\">\n<li class=\"has-medium-font-size\"> <strong><mark style=\"background-color:rgba(0, 0, 0, 0)\" class=\"has-inline-color has-base-3-color\">\u00bfA qui\u00e9n est\u00e1 d<\/mark>estinado el plan de <mark style=\"background-color:rgba(0, 0, 0, 0)\" class=\"has-inline-color has-base-3-color\">terminalidad <\/mark>en nuestro IES?<\/strong><\/li>\n<\/ol>\n\n\n\n<ul>\n<li>Estudiantes que ingresaron al IES en 2017 y que a marzo del 2025 tienen aprobado el 90% de la carrera:<\/li>\n<\/ul>\n\n\n\n<ul>\n<li>Profesorado de Educaci\u00f3n Primaria. Res. 1191-DGE 14<\/li>\n<\/ul>\n\n\n\n<ul>\n<li>Profesorado de Educaci\u00f3n Inicial. Res. 1929-DGE 14&nbsp;<\/li>\n<\/ul>\n\n\n\n<ul>\n<li>Profesorado de Geograf\u00eda. Res. 282 DGE 12<\/li>\n<\/ul>\n\n\n\n<ul>\n<li>Profesorado de Historia. Res. 340-DGE 13<\/li>\n<\/ul>\n\n\n\n<ul>\n<li>Profesorado de Biolog\u00eda. Res. 654-DGE 11<\/li>\n<\/ul>\n\n\n\n<div class=\"wp-block-columns is-layout-flex wp-container-2\">\n<div class=\"wp-block-column is-layout-flow\" style=\"flex-basis:100%\">\n<blockquote class=\"wp-block-quote\">\n<p class=\"has-text-align-center has-blush-light-purple-gradient-background has-background\">Si ingresaste a&nbsp; alguno de los profesorados de nuestro IES en el a\u00f1o 2017 y a\u00fan no has terminado la carrera, nosotros vamos a acompa\u00f1arte a lograr tu <mark style=\"background-color:var(--base)\" class=\"has-inline-color\">objetivo<\/mark>.<\/p>\n\n\n\n<p class=\"has-text-align-center has-very-light-gray-to-cyan-bluish-gray-gradient-background has-background\">Para eso es preciso que te informes y sigas los pasos que te indicaremos en los pr\u00f3ximos apartados.<\/p>\n<\/blockquote>\n\n\n\n<ol start=\"3\" class=\"has-base-3-color has-vivid-cyan-blue-to-vivid-purple-gradient-background has-text-color has-background\">\n<li class=\"has-medium-font-size\"><strong>\u00bfCu\u00e1les son los pasos a seguir?<\/strong><\/li>\n<\/ol>\n\n\n\n<p>Para acceder al dise\u00f1o de un plan de terminalidad deber\u00e1s completar el siguiente Formulario antes del 15 de mayo.<\/p>\n\n\n\n<p>Atenci\u00f3n: el formulario te va&nbsp; solicitar&nbsp; una copia de tu DNI,&nbsp; una nota de solicitud de extensi\u00f3n y el anal\u00edtico donde&nbsp; consta la cantidad de materias aprobadas, equivalentes al 90%. Si no ten\u00e9s una copia del mismo te recomendamos solicitarlo en la instituci\u00f3n.<\/p>\n\n\n\n<p>Ten\u00e9 en cuenta que la nota debe estar dirigida a la\u00a0Rectora, Prof. Rosa Garc\u00eda S\u00e1nchez, y que\u00a0es importante que justifiques en ella\u00a0el pedido de tu solicitud, es decir, que enuncies los argumentos por los cuales no pudiste terminar la carrera en tiempo. Pod\u00e9s consultar aqu\u00ed el modelo de <a href=\"https:\/\/drive.google.com\/file\/d\/1mcdT9wXXxUYqAaVd_2G4BXqDbbaZvxKk\/view?usp=drive_link\">nota.<\/a><\/p>\n\n\n\n<p>Acced\u00e9 al formulario <a href=\"https:\/\/docs.google.com\/forms\/d\/e\/1FAIpQLSfnJTGceNKB9yd3nC4CsEgPbmqLe_ASs0V5GJw3HyyqYNsXVA\/viewform?usp=header\">aqu\u00ed<\/a>.<\/p>\n\n\n\n<p>Ante cualquier duda podr\u00e1s consultar con el Referente del plan de Terminalidad de nuestro IES, secretario acad\u00e9mico Carlos Perul\u00e1n.<\/p>\n<\/div>\n<\/div>\n\n\n\n<p class=\"has-base-3-color has-text-color has-background\" style=\"background:linear-gradient(135deg,rgb(112,148,255) 0%,rgb(199,81,192) 50%,rgb(65,88,208) 100%);text-transform:uppercase\"><strong>\u00bfQu\u00e9 alternativas tengo si no cumplo con los requisitos para solicitar el plan de terminalidad?<\/strong><\/p>\n\n\n\n<p>En caso de:<\/p>\n\n\n\n<ul>\n<li>Haber&nbsp; superado el plazo estipulado por el RAM para la finalizaci\u00f3n de la carrera.<\/li>\n\n\n\n<li>Tener menos del 90% del plan de estudio aprobado.<\/li>\n<\/ul>\n\n\n\n<p>Deber\u00e1 gestionar el cambio de plan de estudio.<\/p>\n\n\n\n<p class=\"has-base-3-color has-text-color has-background\" style=\"background:linear-gradient(135deg,rgb(121,136,179) 0%,rgb(199,81,192) 50%,rgb(65,88,208) 100%)\"><strong>CAMBIO DE PLAN DE ESTUDIO<\/strong><\/p>\n\n\n\n<p>De acuerdo al art\u00edculo 77 del RAM cuando el plan de estudios pierda vigencia por actualizaci\u00f3n y\/o cambio de dise\u00f1o, se deber\u00e1 evaluar la condici\u00f3n acad\u00e9mica del estudiante, brind\u00e1ndole la posibilidad de acceder a un plan de terminalidad o la opci\u00f3n de <strong>inscribirse en el nuevo plan de estudios,<\/strong> con la aplicaci\u00f3n de reconocimiento de saberes, sistema de cr\u00e9ditos o equivalencias.<\/p>\n\n\n\n<p><strong>Pasos a seguir:<\/strong><\/p>\n\n\n\n<p>Si tu opci\u00f3n es continuar estudiando en un nuevo de estudio deber\u00e1s solicitar una readmisi\u00f3n al nuevo plan en la Bedel\u00eda del IES y completar la solicitud de equivalencias\/acreditaci\u00f3n de saberes.&nbsp;<\/p>\n\n\n\n<p>Acced\u00e9 a los modelos de notas aqu\u00ed:&nbsp;<\/p>\n\n\n\n<ul>\n<li><a href=\"https:\/\/docs.google.com\/document\/d\/1-J8iDoRqak7mQC0qzkzf85hORVJvsKQNfatWg31WOqA\/edit?usp=sharing\">Modelo de nota de readmisi\u00f3n<\/a><\/li>\n<\/ul>\n\n\n\n<ul>\n<li><a href=\"https:\/\/docs.google.com\/document\/d\/18bBo4EqfaUKVFLLLH4PcL5WioiYENo8v\/edit?usp=sharing&amp;ouid=116304350233710257624&amp;rtpof=true&amp;sd=true\">Modelo de nota de equivalencias<\/a><\/li>\n<\/ul>\n","protected":false},"excerpt":{"rendered":"<p>PROCEDIMIENTO PARA TRAMITAR EL PLAN DE TERMINALIDAD El plan de terminalidad es una estrategia de acompa\u00f1amiento que te propone la instituci\u00f3n para acompa\u00f1ar tu egreso efectivo. Tiene como prop\u00f3sito brindar al\/la estudiante que haya agotado el tiempo m\u00e1ximo para la finalizaci\u00f3n de la carrera una opci\u00f3n para concluir la misma. &nbsp;El mismo establece un cronograma &#8230; <a title=\"Plan de terminalidad\" class=\"read-more\" href=\"https:\/\/ens9004-infd.mendoza.edu.ar\/sitio\/plan-de-terminalidad\/\" aria-label=\"More on Plan de terminalidad\">[+]<\/a><\/p>\n","protected":false},"author":2001,"featured_media":0,"parent":0,"menu_order":0,"comment_status":"closed","ping_status":"closed","template":"","meta":[],"acf":[],"_links":{"self":[{"href":"https:\/\/ens9004-infd.mendoza.edu.ar\/sitio\/wp-json\/wp\/v2\/pages\/11024"}],"collection":[{"href":"https:\/\/ens9004-infd.mendoza.edu.ar\/sitio\/wp-json\/wp\/v2\/pages"}],"about":[{"href":"https:\/\/ens9004-infd.mendoza.edu.ar\/sitio\/wp-json\/wp\/v2\/types\/page"}],"author":[{"embeddable":true,"href":"https:\/\/ens9004-infd.mendoza.edu.ar\/sitio\/wp-json\/wp\/v2\/users\/2001"}],"replies":[{"embeddable":true,"href":"https:\/\/ens9004-infd.mendoza.edu.ar\/sitio\/wp-json\/wp\/v2\/comments?post=11024"}],"version-history":[{"count":12,"href":"https:\/\/ens9004-infd.mendoza.edu.ar\/sitio\/wp-json\/wp\/v2\/pages\/11024\/revisions"}],"predecessor-version":[{"id":11040,"href":"https:\/\/ens9004-infd.mendoza.edu.ar\/sitio\/wp-json\/wp\/v2\/pages\/11024\/revisions\/11040"}],"wp:attachment":[{"href":"https:\/\/ens9004-infd.mendoza.edu.ar\/sitio\/wp-json\/wp\/v2\/media?parent=11024"}],"curies":[{"name":"wp","href":"https:\/\/api.w.org\/{rel}","templated":true}]}}