{"id":11019,"date":"2025-04-21T19:22:50","date_gmt":"2025-04-21T22:22:50","guid":{"rendered":"https:\/\/ens9004-infd.mendoza.edu.ar\/sitio\/?page_id=11019"},"modified":"2025-10-27T12:11:31","modified_gmt":"2025-10-27T15:11:31","slug":"elecciones-2025-ies-t-004","status":"publish","type":"page","link":"https:\/\/ens9004-infd.mendoza.edu.ar\/sitio\/elecciones-2025-ies-t-004\/","title":{"rendered":"Elecciones 2025 IES T-004"},"content":{"rendered":"\n<p class=\"has-base-background-color has-background\">Visualizaci\u00f3n o descarga de la Resoluci\u00f3n n\u00b02 (Cronograma) <a rel=\"noreferrer noopener\" href=\"https:\/\/drive.google.com\/file\/d\/1xJs-e-uZjGuunvR18M9dfFV92yKkQ86v\/view\" target=\"_blank\">AQU\u00cd<\/a><\/p>\n\n\n\n<p class=\"has-base-2-background-color has-background\">Formulario de inscripci\u00f3n para el padr\u00f3n de egresados <a href=\"https:\/\/docs.google.com\/forms\/d\/1mN-ItdmQIWkbwVoGY7r5l5Sg7lLC1zflTkeff4-mit8\/viewform?ts=6806a49c&amp;edit_requested=true\" data-type=\"URL\" data-id=\"https:\/\/docs.google.com\/forms\/d\/1mN-ItdmQIWkbwVoGY7r5l5Sg7lLC1zflTkeff4-mit8\/viewform?ts=6806a49c&amp;edit_requested=true\">AQU\u00cd<\/a><\/p>\n\n\n\n<p class=\"has-base-background-color has-background\">Inscripci\u00f3n de aspirantes a cargos unipersonales de gesti\u00f3n directiva y acad\u00e9mica <a href=\"https:\/\/docs.google.com\/forms\/d\/1-vTT6ZQsGp0La5EybP2oZS4kmddFMLg-QYkCdQgtexo\/viewform?edit_requested=true\" data-type=\"URL\" data-id=\"https:\/\/docs.google.com\/forms\/d\/1-vTT6ZQsGp0La5EybP2oZS4kmddFMLg-QYkCdQgtexo\/viewform?edit_requested=true\">AQU\u00cd<\/a><\/p>\n\n\n\n<figure class=\"wp-block-image size-large\"><img decoding=\"async\" loading=\"lazy\" width=\"1789\" height=\"1900\" src=\"https:\/\/ens9004-infd.mendoza.edu.ar\/sitio\/wp-content\/uploads\/2025\/10\/IES-NORMAL-Elecciones-Presentacion-lista-consejos-web-1789x1900.jpg\" alt=\"\" class=\"wp-image-11387\" srcset=\"https:\/\/ens9004-infd.mendoza.edu.ar\/sitio\/wp-content\/uploads\/2025\/10\/IES-NORMAL-Elecciones-Presentacion-lista-consejos-web-1789x1900.jpg 1789w, https:\/\/ens9004-infd.mendoza.edu.ar\/sitio\/wp-content\/uploads\/2025\/10\/IES-NORMAL-Elecciones-Presentacion-lista-consejos-web-942x1000.jpg 942w, https:\/\/ens9004-infd.mendoza.edu.ar\/sitio\/wp-content\/uploads\/2025\/10\/IES-NORMAL-Elecciones-Presentacion-lista-consejos-web-768x816.jpg 768w, https:\/\/ens9004-infd.mendoza.edu.ar\/sitio\/wp-content\/uploads\/2025\/10\/IES-NORMAL-Elecciones-Presentacion-lista-consejos-web-1446x1536.jpg 1446w, https:\/\/ens9004-infd.mendoza.edu.ar\/sitio\/wp-content\/uploads\/2025\/10\/IES-NORMAL-Elecciones-Presentacion-lista-consejos-web-1929x2048.jpg 1929w, https:\/\/ens9004-infd.mendoza.edu.ar\/sitio\/wp-content\/uploads\/2025\/10\/IES-NORMAL-Elecciones-Presentacion-lista-consejos-web.jpg 1971w\" sizes=\"(max-width: 1789px) 100vw, 1789px\" \/><\/figure>\n\n\n\n<figure class=\"wp-block-image size-full\"><img decoding=\"async\" loading=\"lazy\" width=\"1728\" height=\"766\" src=\"https:\/\/ens9004-infd.mendoza.edu.ar\/sitio\/wp-content\/uploads\/2025\/10\/IES-NORMAL-Elecciones-2025-Que-debo-votar.jpg\" alt=\"\" class=\"wp-image-11389\" srcset=\"https:\/\/ens9004-infd.mendoza.edu.ar\/sitio\/wp-content\/uploads\/2025\/10\/IES-NORMAL-Elecciones-2025-Que-debo-votar.jpg 1728w, https:\/\/ens9004-infd.mendoza.edu.ar\/sitio\/wp-content\/uploads\/2025\/10\/IES-NORMAL-Elecciones-2025-Que-debo-votar-1000x443.jpg 1000w, https:\/\/ens9004-infd.mendoza.edu.ar\/sitio\/wp-content\/uploads\/2025\/10\/IES-NORMAL-Elecciones-2025-Que-debo-votar-768x340.jpg 768w, https:\/\/ens9004-infd.mendoza.edu.ar\/sitio\/wp-content\/uploads\/2025\/10\/IES-NORMAL-Elecciones-2025-Que-debo-votar-1536x681.jpg 1536w\" sizes=\"(max-width: 1728px) 100vw, 1728px\" \/><\/figure>\n\n\n\n<h2 class=\"wp-block-heading has-text-align-center\">Conoc\u00e9 a los candidatos y candidatas elegibles<\/h2>\n\n\n\n<figure class=\"wp-block-gallery has-nested-images columns-default is-cropped wp-block-gallery-1 is-layout-flex\">\n<figure class=\"wp-block-image size-large\"><img decoding=\"async\" loading=\"lazy\" width=\"1081\" height=\"1351\" data-id=\"11398\"  src=\"https:\/\/ens9004-infd.mendoza.edu.ar\/sitio\/wp-content\/uploads\/2025\/10\/IES-NORMAL-Elecciones-2025-Listas-2-Claustro-docente-1.jpg\" alt=\"\" class=\"wp-image-11398\" srcset=\"https:\/\/ens9004-infd.mendoza.edu.ar\/sitio\/wp-content\/uploads\/2025\/10\/IES-NORMAL-Elecciones-2025-Listas-2-Claustro-docente-1.jpg 1081w, https:\/\/ens9004-infd.mendoza.edu.ar\/sitio\/wp-content\/uploads\/2025\/10\/IES-NORMAL-Elecciones-2025-Listas-2-Claustro-docente-1-800x1000.jpg 800w, https:\/\/ens9004-infd.mendoza.edu.ar\/sitio\/wp-content\/uploads\/2025\/10\/IES-NORMAL-Elecciones-2025-Listas-2-Claustro-docente-1-768x960.jpg 768w\" sizes=\"(max-width: 1081px) 100vw, 1081px\" \/><\/figure>\n\n\n\n<figure class=\"wp-block-image size-large\"><img decoding=\"async\" loading=\"lazy\" width=\"1081\" height=\"1351\" data-id=\"11394\"  src=\"https:\/\/ens9004-infd.mendoza.edu.ar\/sitio\/wp-content\/uploads\/2025\/10\/IES-NORMAL-Elecciones-2025-Listas-3-Claustro-estudiantes.jpg\" alt=\"\" class=\"wp-image-11394\" srcset=\"https:\/\/ens9004-infd.mendoza.edu.ar\/sitio\/wp-content\/uploads\/2025\/10\/IES-NORMAL-Elecciones-2025-Listas-3-Claustro-estudiantes.jpg 1081w, https:\/\/ens9004-infd.mendoza.edu.ar\/sitio\/wp-content\/uploads\/2025\/10\/IES-NORMAL-Elecciones-2025-Listas-3-Claustro-estudiantes-800x1000.jpg 800w, https:\/\/ens9004-infd.mendoza.edu.ar\/sitio\/wp-content\/uploads\/2025\/10\/IES-NORMAL-Elecciones-2025-Listas-3-Claustro-estudiantes-768x960.jpg 768w\" sizes=\"(max-width: 1081px) 100vw, 1081px\" \/><\/figure>\n\n\n\n<figure class=\"wp-block-image size-large\"><img decoding=\"async\" loading=\"lazy\" width=\"1081\" height=\"1351\" data-id=\"11396\"  src=\"https:\/\/ens9004-infd.mendoza.edu.ar\/sitio\/wp-content\/uploads\/2025\/10\/IES-NORMAL-Elecciones-2025-Listas-4-Claustro-egresados.jpg\" alt=\"\" class=\"wp-image-11396\" srcset=\"https:\/\/ens9004-infd.mendoza.edu.ar\/sitio\/wp-content\/uploads\/2025\/10\/IES-NORMAL-Elecciones-2025-Listas-4-Claustro-egresados.jpg 1081w, https:\/\/ens9004-infd.mendoza.edu.ar\/sitio\/wp-content\/uploads\/2025\/10\/IES-NORMAL-Elecciones-2025-Listas-4-Claustro-egresados-800x1000.jpg 800w, https:\/\/ens9004-infd.mendoza.edu.ar\/sitio\/wp-content\/uploads\/2025\/10\/IES-NORMAL-Elecciones-2025-Listas-4-Claustro-egresados-768x960.jpg 768w\" sizes=\"(max-width: 1081px) 100vw, 1081px\" \/><\/figure>\n\n\n\n<figure class=\"wp-block-image size-large\"><img decoding=\"async\" loading=\"lazy\" width=\"1081\" height=\"1351\" data-id=\"11399\"  src=\"https:\/\/ens9004-infd.mendoza.edu.ar\/sitio\/wp-content\/uploads\/2025\/10\/IES-NORMAL-Elecciones-2025-Listas-5-Claustro-no-docente.jpg\" alt=\"\" class=\"wp-image-11399\" srcset=\"https:\/\/ens9004-infd.mendoza.edu.ar\/sitio\/wp-content\/uploads\/2025\/10\/IES-NORMAL-Elecciones-2025-Listas-5-Claustro-no-docente.jpg 1081w, https:\/\/ens9004-infd.mendoza.edu.ar\/sitio\/wp-content\/uploads\/2025\/10\/IES-NORMAL-Elecciones-2025-Listas-5-Claustro-no-docente-800x1000.jpg 800w, https:\/\/ens9004-infd.mendoza.edu.ar\/sitio\/wp-content\/uploads\/2025\/10\/IES-NORMAL-Elecciones-2025-Listas-5-Claustro-no-docente-768x960.jpg 768w\" sizes=\"(max-width: 1081px) 100vw, 1081px\" \/><\/figure>\n\n\n\n<figure class=\"wp-block-image size-large\"><img decoding=\"async\" loading=\"lazy\" width=\"1081\" height=\"1351\" data-id=\"11395\"  src=\"https:\/\/ens9004-infd.mendoza.edu.ar\/sitio\/wp-content\/uploads\/2025\/10\/IES-NORMAL-Elecciones-2025-Listas-6-Gobierno.jpg\" alt=\"\" class=\"wp-image-11395\" srcset=\"https:\/\/ens9004-infd.mendoza.edu.ar\/sitio\/wp-content\/uploads\/2025\/10\/IES-NORMAL-Elecciones-2025-Listas-6-Gobierno.jpg 1081w, https:\/\/ens9004-infd.mendoza.edu.ar\/sitio\/wp-content\/uploads\/2025\/10\/IES-NORMAL-Elecciones-2025-Listas-6-Gobierno-800x1000.jpg 800w, https:\/\/ens9004-infd.mendoza.edu.ar\/sitio\/wp-content\/uploads\/2025\/10\/IES-NORMAL-Elecciones-2025-Listas-6-Gobierno-768x960.jpg 768w\" sizes=\"(max-width: 1081px) 100vw, 1081px\" \/><\/figure>\n\n\n\n<figure class=\"wp-block-image size-large\"><img decoding=\"async\" loading=\"lazy\" width=\"1081\" height=\"1351\" data-id=\"11400\"  src=\"https:\/\/ens9004-infd.mendoza.edu.ar\/sitio\/wp-content\/uploads\/2025\/10\/IES-NORMAL-Elecciones-2025-Listas-7-Gestion-academica-Jefaturas.jpg\" alt=\"\" class=\"wp-image-11400\" srcset=\"https:\/\/ens9004-infd.mendoza.edu.ar\/sitio\/wp-content\/uploads\/2025\/10\/IES-NORMAL-Elecciones-2025-Listas-7-Gestion-academica-Jefaturas.jpg 1081w, https:\/\/ens9004-infd.mendoza.edu.ar\/sitio\/wp-content\/uploads\/2025\/10\/IES-NORMAL-Elecciones-2025-Listas-7-Gestion-academica-Jefaturas-800x1000.jpg 800w, https:\/\/ens9004-infd.mendoza.edu.ar\/sitio\/wp-content\/uploads\/2025\/10\/IES-NORMAL-Elecciones-2025-Listas-7-Gestion-academica-Jefaturas-768x960.jpg 768w\" sizes=\"(max-width: 1081px) 100vw, 1081px\" \/><\/figure>\n<\/figure>\n\n\n\n<figure class=\"wp-block-image size-full is-resized\"><img decoding=\"async\" loading=\"lazy\" src=\"https:\/\/ens9004-infd.mendoza.edu.ar\/sitio\/wp-content\/uploads\/2025\/10\/IES-NORMAL-Elecciones-2025-Listas-8-Gestion-academica-Coordinaciones-1.jpg\" alt=\"\" class=\"wp-image-11401\" width=\"334\" height=\"417\" srcset=\"https:\/\/ens9004-infd.mendoza.edu.ar\/sitio\/wp-content\/uploads\/2025\/10\/IES-NORMAL-Elecciones-2025-Listas-8-Gestion-academica-Coordinaciones-1.jpg 1081w, https:\/\/ens9004-infd.mendoza.edu.ar\/sitio\/wp-content\/uploads\/2025\/10\/IES-NORMAL-Elecciones-2025-Listas-8-Gestion-academica-Coordinaciones-1-800x1000.jpg 800w, https:\/\/ens9004-infd.mendoza.edu.ar\/sitio\/wp-content\/uploads\/2025\/10\/IES-NORMAL-Elecciones-2025-Listas-8-Gestion-academica-Coordinaciones-1-768x960.jpg 768w\" sizes=\"(max-width: 334px) 100vw, 334px\" \/><\/figure>\n\n\n\n<h2 class=\"wp-block-heading has-contrast-color has-contrast-3-background-color has-text-color has-background\">Conoc\u00e9 las propuestas de los cargos unipersonales <a rel=\"noreferrer noopener\" href=\"https:\/\/drive.google.com\/drive\/folders\/1s6eBfE9uA7FcooYHSK6kiJNQzKP4lmWf?usp=sharing\" data-type=\"URL\" data-id=\"https:\/\/drive.google.com\/drive\/folders\/1s6eBfE9uA7FcooYHSK6kiJNQzKP4lmWf?usp=sharing\" target=\"_blank\">AQU\u00cd<\/a><\/h2>\n\n\n\n<h2 class=\"wp-block-heading has-contrast-color has-base-background-color has-text-color has-background\">Consult\u00e1 los padrones <a href=\"https:\/\/drive.google.com\/drive\/folders\/1MQ5K51yjAxiSlS-MEI3n2gh838y2rI1J?usp=sharing\">AQU\u00cd<\/a><\/h2>\n","protected":false},"excerpt":{"rendered":"<p>Visualizaci\u00f3n o descarga de la Resoluci\u00f3n n\u00b02 (Cronograma) AQU\u00cd Formulario de inscripci\u00f3n para el padr\u00f3n de egresados AQU\u00cd Inscripci\u00f3n de aspirantes a cargos unipersonales de gesti\u00f3n directiva y acad\u00e9mica AQU\u00cd Conoc\u00e9 a los candidatos y candidatas elegibles Conoc\u00e9 las propuestas de los cargos unipersonales AQU\u00cd Consult\u00e1 los padrones AQU\u00cd<\/p>\n","protected":false},"author":2001,"featured_media":11014,"parent":0,"menu_order":0,"comment_status":"closed","ping_status":"closed","template":"","meta":[],"acf":[],"_links":{"self":[{"href":"https:\/\/ens9004-infd.mendoza.edu.ar\/sitio\/wp-json\/wp\/v2\/pages\/11019"}],"collection":[{"href":"https:\/\/ens9004-infd.mendoza.edu.ar\/sitio\/wp-json\/wp\/v2\/pages"}],"about":[{"href":"https:\/\/ens9004-infd.mendoza.edu.ar\/sitio\/wp-json\/wp\/v2\/types\/page"}],"author":[{"embeddable":true,"href":"https:\/\/ens9004-infd.mendoza.edu.ar\/sitio\/wp-json\/wp\/v2\/users\/2001"}],"replies":[{"embeddable":true,"href":"https:\/\/ens9004-infd.mendoza.edu.ar\/sitio\/wp-json\/wp\/v2\/comments?post=11019"}],"version-history":[{"count":9,"href":"https:\/\/ens9004-infd.mendoza.edu.ar\/sitio\/wp-json\/wp\/v2\/pages\/11019\/revisions"}],"predecessor-version":[{"id":11406,"href":"https:\/\/ens9004-infd.mendoza.edu.ar\/sitio\/wp-json\/wp\/v2\/pages\/11019\/revisions\/11406"}],"wp:featuredmedia":[{"embeddable":true,"href":"https:\/\/ens9004-infd.mendoza.edu.ar\/sitio\/wp-json\/wp\/v2\/media\/11014"}],"wp:attachment":[{"href":"https:\/\/ens9004-infd.mendoza.edu.ar\/sitio\/wp-json\/wp\/v2\/media?parent=11019"}],"curies":[{"name":"wp","href":"https:\/\/api.w.org\/{rel}","templated":true}]}}